{"id":1233,"date":"2025-11-21T10:16:22","date_gmt":"2025-11-21T10:16:22","guid":{"rendered":"https:\/\/meetpro.ma\/?post_type=product&#038;p=1233"},"modified":"2026-02-12T14:14:18","modified_gmt":"2026-02-12T14:14:18","slug":"coffret-personnalise","status":"publish","type":"product","link":"https:\/\/meetpro.ma\/ar\/coffret-personnalise\/","title":{"rendered":"Coffret Personnalis\u00e9 \u2013 Cadeau Sur Mesure &#038; Packaging Premium | MeetPro"},"content":{"rendered":"<h3 data-start=\"1554\" data-end=\"1627\"><strong data-start=\"1561\" data-end=\"1627\">Coffret Personnalis\u00e9 \u2013 La Solution Cadeau Premium &amp; Sur Mesure<\/strong><\/h3>\n<p data-start=\"1629\" data-end=\"1964\">Le <strong data-start=\"1632\" data-end=\"1656\">\u0635\u0646\u062f\u0648\u0642 \u0645\u062e\u0635\u0635<\/strong> de <em data-start=\"1660\" data-end=\"1669\">MeetPro<\/em> est bien plus qu\u2019un emballage\u202f: c\u2019est une <strong data-start=\"1712\" data-end=\"1775\">exp\u00e9rience pens\u00e9e pour surprendre, valoriser et communiquer<\/strong>. Que ce soit pour remercier des clients, r\u00e9compenser des collaborateurs, c\u00e9l\u00e9brer une r\u00e9ussite ou marquer une occasion sp\u00e9ciale, ce coffret est <strong data-start=\"1920\" data-end=\"1963\">100\u202f% personnalisable selon vos besoins<\/strong>.<\/p>\n<p data-start=\"1966\" data-end=\"2204\">Gr\u00e2ce \u00e0 un design totalement adaptable, vous pouvez int\u00e9grer <em data-start=\"2027\" data-end=\"2066\">votre logo, message, slogan ou visuel<\/em> sur la bo\u00eete elle\u2011m\u00eame ou sur les produits \u00e0 l\u2019int\u00e9rieur, cr\u00e9ant ainsi un coffret unique \u00e0 l\u2019image de votre marque ou de votre \u00e9v\u00e9nement.<\/p>\n<hr data-start=\"2206\" data-end=\"2209\" \/>\n<h3 data-start=\"2211\" data-end=\"2268\"><strong data-start=\"2218\" data-end=\"2268\">Personnalisation Compl\u00e8te pour Chaque Objectif<\/strong><\/h3>\n<p data-start=\"2270\" data-end=\"2316\">Offrez quelque chose de r\u00e9ellement personnel :<\/p>\n<ul>\n<li data-start=\"2270\" data-end=\"2316\">Coffret avec <strong data-start=\"2333\" data-end=\"2354\">logo d\u2019entreprise<\/strong><\/li>\n<li data-start=\"2270\" data-end=\"2316\">Message ou slogan personnalis\u00e9<\/li>\n<li data-start=\"2270\" data-end=\"2316\">S\u00e9lection de produits assortis<\/li>\n<li data-start=\"2270\" data-end=\"2316\">Couleurs et visuels adapt\u00e9s \u00e0 votre identit\u00e9 visuelle<\/li>\n<\/ul>\n<p data-start=\"2484\" data-end=\"2620\">Cette personnalisation transforme chaque coffret en <strong data-start=\"2536\" data-end=\"2571\">outil de communication puissant<\/strong>, renfor\u00e7ant votre visibilit\u00e9 \u00e0 chaque ouverture.<\/p>\n<h3 data-start=\"2627\" data-end=\"2661\"><strong data-start=\"2634\" data-end=\"2661\">Pour Qui et Pour Quoi ?<\/strong><\/h3>\n<p data-start=\"2663\" data-end=\"2735\">Le coffret personnalis\u00e9 est id\u00e9al pour une grande vari\u00e9t\u00e9 de contextes :<\/p>\n<ul>\n<li data-start=\"2737\" data-end=\"3038\"><strong data-start=\"2740\" data-end=\"2764\">Cadeaux d\u2019entreprise<\/strong> pour clients ou partenaires<\/li>\n<li data-start=\"2737\" data-end=\"3038\"><strong data-start=\"2798\" data-end=\"2850\">R\u00e9compenses internes ou reconnaissances d\u2019\u00e9quipe<\/strong><\/li>\n<li data-start=\"2737\" data-end=\"3038\"><strong data-start=\"2856\" data-end=\"2907\">Kits d\u2019accueil pour \u00e9v\u00e9nements, salons, congr\u00e8s<\/strong><\/li>\n<li data-start=\"2737\" data-end=\"3038\"><strong data-start=\"2913\" data-end=\"2936\">Occasions sp\u00e9ciales<\/strong> : anniversaires, lancements, f\u00eates<\/li>\n<li data-start=\"2737\" data-end=\"3038\"><strong data-start=\"2977\" data-end=\"3038\">Supports marketing premium pour campagnes promotionnelles<\/strong><\/li>\n<\/ul>\n<p data-start=\"3040\" data-end=\"3202\">Sa pr\u00e9sentation soign\u00e9e et sa personnalisation renforcent l\u2019impact \u00e9motionnel du geste, offrant une <strong data-start=\"3140\" data-end=\"3179\">exp\u00e9rience m\u00e9morable et valorisante<\/strong> \u00e0 chaque destinataire.<\/p>\n<h3 data-start=\"3209\" data-end=\"3259\"><strong data-start=\"3216\" data-end=\"3259\">Qualit\u00e9 Premium &amp; Attention aux D\u00e9tails<\/strong><\/h3>\n<p data-start=\"3261\" data-end=\"3294\">Chaque coffret est pr\u00e9par\u00e9 avec :<\/p>\n<ul>\n<li data-start=\"3261\" data-end=\"3294\">Des mat\u00e9riaux de qualit\u00e9 sup\u00e9rieure<\/li>\n<li data-start=\"3261\" data-end=\"3294\">Une impression nette et durable<\/li>\n<li data-start=\"3261\" data-end=\"3294\">Une finition raffin\u00e9e et \u00e9l\u00e9gante<\/li>\n<li data-start=\"3261\" data-end=\"3294\">Un design adapt\u00e9 \u00e0 votre objectif \u00e0 communiquer<\/li>\n<\/ul>\n<p data-start=\"3461\" data-end=\"3548\">Offrir un coffret personnalis\u00e9, c\u2019est offrir \u00e0 la fois <strong data-start=\"3516\" data-end=\"3547\">esth\u00e9tique, utilit\u00e9 et sens<\/strong>.<\/p>","protected":false},"excerpt":{"rendered":"<p data-start=\"931\" data-end=\"1476\">Offrez une exp\u00e9rience unique avec notre <strong data-start=\"971\" data-end=\"995\">\u0635\u0646\u062f\u0648\u0642 \u0645\u062e\u0635\u0635<\/strong> ! Compos\u00e9 d\u2019\u00e9l\u00e9ments choisis et personnalisables avec <em data-start=\"1050\" data-end=\"1081\">votre logo, design ou message<\/em>, ce coffret premium est parfait pour <strong data-start=\"1119\" data-end=\"1193\">cadeaux d\u2019entreprise, \u00e9v\u00e9nements, anniversaires ou occasions sp\u00e9ciales<\/strong>. Chaque coffret est soigneusement pr\u00e9par\u00e9 avec une pr\u00e9sentation \u00e9l\u00e9gante et un contenu adapt\u00e9 \u00e0 votre objectif, cr\u00e9ant un impact m\u00e9morable d\u00e8s l\u2019ouverture. Id\u00e9al comme <strong data-start=\"1362\" data-end=\"1415\">cadeau VIP, kit de bienvenue ou support marketing<\/strong>, il allie praticit\u00e9, style et forte visibilit\u00e9 de marque.<\/p>","protected":false},"featured_media":5517,"comment_status":"open","ping_status":"closed","template":"","meta":{"inline_featured_image":false},"product_brand":[],"product_cat":[33,138],"product_tag":[31],"class_list":{"0":"post-1233","1":"product","2":"type-product","3":"status-publish","4":"has-post-thumbnail","6":"product_cat-goodies-cat","7":"product_cat-coffret-bloc-notes-grand-classeur","8":"product_tag-coffret-personnalise","10":"first","11":"instock","12":"shipping-taxable","13":"purchasable","14":"product-type-simple"},"jetpack_sharing_enabled":true,"_links":{"self":[{"href":"https:\/\/meetpro.ma\/ar\/wp-json\/wp\/v2\/product\/1233","targetHints":{"allow":["GET"]}}],"collection":[{"href":"https:\/\/meetpro.ma\/ar\/wp-json\/wp\/v2\/product"}],"about":[{"href":"https:\/\/meetpro.ma\/ar\/wp-json\/wp\/v2\/types\/product"}],"replies":[{"embeddable":true,"href":"https:\/\/meetpro.ma\/ar\/wp-json\/wp\/v2\/comments?post=1233"}],"version-history":[{"count":2,"href":"https:\/\/meetpro.ma\/ar\/wp-json\/wp\/v2\/product\/1233\/revisions"}],"predecessor-version":[{"id":5190,"href":"https:\/\/meetpro.ma\/ar\/wp-json\/wp\/v2\/product\/1233\/revisions\/5190"}],"wp:featuredmedia":[{"embeddable":true,"href":"https:\/\/meetpro.ma\/ar\/wp-json\/wp\/v2\/media\/5517"}],"wp:attachment":[{"href":"https:\/\/meetpro.ma\/ar\/wp-json\/wp\/v2\/media?parent=1233"}],"wp:term":[{"taxonomy":"product_brand","embeddable":true,"href":"https:\/\/meetpro.ma\/ar\/wp-json\/wp\/v2\/product_brand?post=1233"},{"taxonomy":"product_cat","embeddable":true,"href":"https:\/\/meetpro.ma\/ar\/wp-json\/wp\/v2\/product_cat?post=1233"},{"taxonomy":"product_tag","embeddable":true,"href":"https:\/\/meetpro.ma\/ar\/wp-json\/wp\/v2\/product_tag?post=1233"}],"curies":[{"name":"wp","href":"https:\/\/api.w.org\/{rel}","templated":true}]}}