{"id":1309,"date":"2025-11-21T10:16:37","date_gmt":"2025-11-21T10:16:37","guid":{"rendered":"https:\/\/meetpro.ma\/?post_type=product&#038;p=1309"},"modified":"2026-02-03T08:50:22","modified_gmt":"2026-02-03T08:50:22","slug":"tote-bag-personnalisable","status":"publish","type":"product","link":"https:\/\/meetpro.ma\/ar\/tote-bag-personnalisable\/","title":{"rendered":"Tote Bag Personnalisable \u2013 Sac en Toile \u00c9co &#038; Branding | MeetPro"},"content":{"rendered":"<p><span style=\"font-weight: 400;\">Le Tote Bag est bien plus qu&rsquo;un simple sac. Il incarne la polyvalence, l&rsquo;utilit\u00e9 et la praticit\u00e9, en faisant un cadeau de voyage id\u00e9al tout en \u00e9tant parfait pour les employ\u00e9s et les clients.<\/span><\/p>\n<p><span style=\"font-weight: 400;\">Il est ind\u00e9niable que ces sacs sont des objets largement adopt\u00e9s et appr\u00e9ci\u00e9s par tous. On les voit partout, dans les rues, au supermarch\u00e9, au bureau, en voyage, car ils sont incroyablement efficaces pour transporter nos affaires en toute s\u00e9curit\u00e9.<\/span><\/p>\n<p><span style=\"font-weight: 400;\">Pour les sorties courtes, que ce soit pour quelques heures ou une journ\u00e9e, le Tote Bag se r\u00e9v\u00e8le d&rsquo;une grande utilit\u00e9. Il assure que vous avez pris avec vous l&rsquo;essentiel, tout en vous \u00e9vitant le fardeau d&rsquo;un sac volumineux.<\/span><\/p>\n<p><span style=\"font-weight: 400;\">Mais l\u00e0 o\u00f9 il excelle vraiment, c&rsquo;est lors de voyages plus longs, capables de durer des jours. Dans de telles situations, o\u00f9 vous ne pouvez pas tout mettre dans une valise, ce sac devient votre meilleur alli\u00e9. Plus besoin d&rsquo;ouvrir et de fouiller votre valise \u00e0 chaque recherche d&rsquo;objet. Tout est \u00e0 port\u00e9e de main, organis\u00e9 et s\u00e9curis\u00e9 dans votre Tote Bag.<\/span><\/p>\n<p><span style=\"font-weight: 400;\">En r\u00e9sum\u00e9, le Tote Bag est l&rsquo;accessoire incontournable pour tous vos d\u00e9placements. Son utilit\u00e9 polyvalente, sa praticit\u00e9 et sa personnalisation en font un choix parfait pour les cadeaux d&rsquo;entreprise, les voyages ou simplement pour simplifier votre quotidien.<\/span><\/p>\n<ul>\n<li style=\"font-weight: 400;\" aria-level=\"1\"><span style=\"font-weight: 400;\">Polyvalent : Un accessoire id\u00e9al pour voyager, cadeau pour employ\u00e9s et clients.<\/span><\/li>\n<li style=\"font-weight: 400;\" aria-level=\"1\"><span style=\"font-weight: 400;\">Utilit\u00e9 \u00c9prouv\u00e9e : Parfait pour transporter vos affaires en toute s\u00e9curit\u00e9.<\/span><\/li>\n<li style=\"font-weight: 400;\" aria-level=\"1\"><span style=\"font-weight: 400;\">Pratique au Quotidien : Id\u00e9al pour les sorties courtes ou les longs voyages, simplifiant vos activit\u00e9s.<\/span><\/li>\n<li style=\"font-weight: 400;\" aria-level=\"1\"><span style=\"font-weight: 400;\">Personnalisable : Offrez une touche unique avec nos sacs Tote Bag.<\/span><\/li>\n<\/ul>","protected":false},"excerpt":{"rendered":"<p>Le <strong data-start=\"849\" data-end=\"885\">Tote Bag personnalisable MeetPro<\/strong> est un sac en toile de coton r\u00e9sistant, parfait pour la vie quotidienne, les courses ou comme support de communication visuelle. Vous pouvez y imprimer <strong data-start=\"1038\" data-end=\"1101\">votre logo, un message, votre design ou illustration unique<\/strong> pour cr\u00e9er un sac \u00e0 votre image. L\u00e9ger, lavable et r\u00e9utilisable, il allie <strong data-start=\"1176\" data-end=\"1210\">praticit\u00e9, style et durabilit\u00e9<\/strong> \u2014 un accessoire indispensable aussi bien pour les <strong data-start=\"1261\" data-end=\"1276\">entreprises<\/strong> (goodies, cadeaux d\u2019affaires) que les <strong data-start=\"1315\" data-end=\"1331\">particuliers<\/strong> souhaitant exprimer leur cr\u00e9ativit\u00e9.<\/p>","protected":false},"featured_media":1330,"comment_status":"open","ping_status":"closed","template":"","meta":{"inline_featured_image":false},"product_brand":[],"product_cat":[46,43],"product_tag":[],"class_list":{"0":"post-1309","1":"product","2":"type-product","3":"status-publish","4":"has-post-thumbnail","6":"product_cat-accessoires-mode-pro","7":"product_cat-vetements-pro-cat","9":"first","10":"instock","11":"shipping-taxable","12":"product-type-simple"},"jetpack_sharing_enabled":true,"_links":{"self":[{"href":"https:\/\/meetpro.ma\/ar\/wp-json\/wp\/v2\/product\/1309","targetHints":{"allow":["GET"]}}],"collection":[{"href":"https:\/\/meetpro.ma\/ar\/wp-json\/wp\/v2\/product"}],"about":[{"href":"https:\/\/meetpro.ma\/ar\/wp-json\/wp\/v2\/types\/product"}],"replies":[{"embeddable":true,"href":"https:\/\/meetpro.ma\/ar\/wp-json\/wp\/v2\/comments?post=1309"}],"version-history":[{"count":1,"href":"https:\/\/meetpro.ma\/ar\/wp-json\/wp\/v2\/product\/1309\/revisions"}],"predecessor-version":[{"id":5176,"href":"https:\/\/meetpro.ma\/ar\/wp-json\/wp\/v2\/product\/1309\/revisions\/5176"}],"wp:featuredmedia":[{"embeddable":true,"href":"https:\/\/meetpro.ma\/ar\/wp-json\/wp\/v2\/media\/1330"}],"wp:attachment":[{"href":"https:\/\/meetpro.ma\/ar\/wp-json\/wp\/v2\/media?parent=1309"}],"wp:term":[{"taxonomy":"product_brand","embeddable":true,"href":"https:\/\/meetpro.ma\/ar\/wp-json\/wp\/v2\/product_brand?post=1309"},{"taxonomy":"product_cat","embeddable":true,"href":"https:\/\/meetpro.ma\/ar\/wp-json\/wp\/v2\/product_cat?post=1309"},{"taxonomy":"product_tag","embeddable":true,"href":"https:\/\/meetpro.ma\/ar\/wp-json\/wp\/v2\/product_tag?post=1309"}],"curies":[{"name":"wp","href":"https:\/\/api.w.org\/{rel}","templated":true}]}}