{"id":1338,"date":"2025-11-21T10:16:45","date_gmt":"2025-11-21T10:16:45","guid":{"rendered":"https:\/\/meetpro.ma\/?post_type=product&#038;p=1338"},"modified":"2026-03-02T08:27:26","modified_gmt":"2026-03-02T08:27:26","slug":"kakemono-sur-pied","status":"publish","type":"product","link":"https:\/\/meetpro.ma\/ar\/kakemono-sur-pied\/","title":{"rendered":"Kakemono sur pied \u2013 Roll\u2011up &#038; Support PLV Personnalis\u00e9"},"content":{"rendered":"<p data-start=\"1057\" data-end=\"1524\">D\u00e9couvrez notre <strong data-start=\"1073\" data-end=\"1094\">\u0644\u0627\u0641\u062a\u0629 \u0628\u0627\u0646\u0631 \u0642\u0627\u0628\u0644\u0629 \u0644\u0644\u0637\u064a (\u0639\u0644\u0649 \u062d\u0627\u0645\u0644)<\/strong>, un support de communication visuelle indispensable pour vos <strong data-start=\"1156\" data-end=\"1250\">stands d\u2019exposition, salons professionnels, foires, conf\u00e9rences ou \u00e9v\u00e9nements d\u2019entreprise<\/strong>. Aussi appel\u00e9 <em data-start=\"1265\" data-end=\"1274\">roll\u2011up<\/em>, ce kakemono est une solution publicitaire verticale pratique, l\u00e9g\u00e8re et autoportante, con\u00e7ue pour maximiser la visibilit\u00e9 de vos messages, visuels et promotions afin d\u2019attirer l\u2019attention de votre public cible.<\/p>\n<p data-start=\"1526\" data-end=\"1984\">Ce <strong data-start=\"1529\" data-end=\"1566\">kakemono sur pied personnalisable<\/strong> est compos\u00e9 d\u2019une structure robuste (g\u00e9n\u00e9ralement en aluminium) avec un syst\u00e8me d\u2019enrouleur int\u00e9gr\u00e9 qui permet une installation rapide, facile et sans outil. La toile imprim\u00e9e se d\u00e9roule simplement et se maintient bien droite gr\u00e2ce \u00e0 un pied solide, offrant ainsi une surface d\u2019affichage id\u00e9ale pour mettre en valeur votre logo, vos offres ou toute autre information strat\u00e9gique.<\/p>\n<p data-start=\"1986\" data-end=\"2353\">Disponible en plusieurs <strong data-start=\"2010\" data-end=\"2035\">formats et dimensions<\/strong>, ce support permet d\u2019adapter votre communication selon l\u2019espace et l\u2019impact visuel souhait\u00e9s. Que ce soit pour animer un stand dans un salon professionnel ou accro\u00eetre la visibilit\u00e9 d\u2019une promotion en point de vente, le kakemono sur pied est une solution polyvalente et efficace.<\/p>\n<p data-start=\"2355\" data-end=\"2772\">La personnalisation est au c\u0153ur de ce produit : vous pouvez faire imprimer vos visuels en haute d\u00e9finition sur une b\u00e2che ou un tissu r\u00e9sistant pour un rendu professionnel et durable. Facile \u00e0 transporter gr\u00e2ce \u00e0 sa housse de transport incluse, ce kakemono est aussi <strong data-start=\"2621\" data-end=\"2662\">r\u00e9utilisable d\u2019un \u00e9v\u00e9nement \u00e0 l\u2019autre<\/strong>, ce qui en fait un excellent investissement pour vos actions marketing.<\/p>\n<p data-start=\"2774\" data-end=\"3089\">Choisir ce <strong data-start=\"2785\" data-end=\"2822\">kakemono sur pied personnalisable<\/strong> c\u2019est opter pour un support publicitaire mobile, esth\u00e9tique et pratique, id\u00e9al pour renforcer la notori\u00e9t\u00e9 de votre marque, communiquer de mani\u00e8re claire vos messages ou simplement structurer vos espaces d\u2019exposition avec style.<\/p>","protected":false},"excerpt":{"rendered":"<p><strong data-start=\"787\" data-end=\"964\">Kakemono sur pied \u2013 support publicitaire vertical personnalisable, parfait pour stands d\u2019exposition, salons et points de vente. Structure stable et impression haute qualit\u00e9.<\/strong><\/p>","protected":false},"featured_media":6159,"comment_status":"open","ping_status":"closed","template":"","meta":{"inline_featured_image":false},"product_brand":[],"product_cat":[47,48],"product_tag":[],"class_list":{"0":"post-1338","1":"product","2":"type-product","3":"status-publish","4":"has-post-thumbnail","6":"product_cat-impression-signaletique-cat","7":"product_cat-signaletique-devenement","9":"first","10":"instock","11":"shipping-taxable","12":"product-type-simple"},"jetpack_sharing_enabled":true,"_links":{"self":[{"href":"https:\/\/meetpro.ma\/ar\/wp-json\/wp\/v2\/product\/1338","targetHints":{"allow":["GET"]}}],"collection":[{"href":"https:\/\/meetpro.ma\/ar\/wp-json\/wp\/v2\/product"}],"about":[{"href":"https:\/\/meetpro.ma\/ar\/wp-json\/wp\/v2\/types\/product"}],"replies":[{"embeddable":true,"href":"https:\/\/meetpro.ma\/ar\/wp-json\/wp\/v2\/comments?post=1338"}],"version-history":[{"count":1,"href":"https:\/\/meetpro.ma\/ar\/wp-json\/wp\/v2\/product\/1338\/revisions"}],"predecessor-version":[{"id":5251,"href":"https:\/\/meetpro.ma\/ar\/wp-json\/wp\/v2\/product\/1338\/revisions\/5251"}],"wp:featuredmedia":[{"embeddable":true,"href":"https:\/\/meetpro.ma\/ar\/wp-json\/wp\/v2\/media\/6159"}],"wp:attachment":[{"href":"https:\/\/meetpro.ma\/ar\/wp-json\/wp\/v2\/media?parent=1338"}],"wp:term":[{"taxonomy":"product_brand","embeddable":true,"href":"https:\/\/meetpro.ma\/ar\/wp-json\/wp\/v2\/product_brand?post=1338"},{"taxonomy":"product_cat","embeddable":true,"href":"https:\/\/meetpro.ma\/ar\/wp-json\/wp\/v2\/product_cat?post=1338"},{"taxonomy":"product_tag","embeddable":true,"href":"https:\/\/meetpro.ma\/ar\/wp-json\/wp\/v2\/product_tag?post=1338"}],"curies":[{"name":"wp","href":"https:\/\/api.w.org\/{rel}","templated":true}]}}