{"id":1467,"date":"2025-11-25T10:59:07","date_gmt":"2025-11-25T10:59:07","guid":{"rendered":"https:\/\/meetpro.ma\/?post_type=product&#038;p=1467"},"modified":"2026-02-11T16:55:36","modified_gmt":"2026-02-11T16:55:36","slug":"coffret-elite-office-essentials","status":"publish","type":"product","link":"https:\/\/meetpro.ma\/ar\/coffret-elite-office-essentials\/","title":{"rendered":"Coffret Elite Office Essentials \u2013 Ensemble Bureau Premium &#038; Cadeau d\u2019Affaires"},"content":{"rendered":"<h3 data-start=\"1242\" data-end=\"1336\"><strong data-start=\"1246\" data-end=\"1336\">Coffret Elite Office Essentials \u2013 Accessoires Bureau Premium Pour Organisation &amp; Style<\/strong><\/h3>\r\n<p data-start=\"1338\" data-end=\"1754\">D\u00e9couvrez le <strong data-start=\"1351\" data-end=\"1386\">\u0637\u0642\u0645 \u0623\u0633\u0627\u0633\u064a\u0627\u062a \u0627\u0644\u0645\u0643\u062a\u0628 Elite<\/strong> sur <em data-start=\"1391\" data-end=\"1400\">MeetPro<\/em> \u2014 un ensemble bureau premium con\u00e7u pour allier <strong data-start=\"1448\" data-end=\"1503\">fonctionnalit\u00e9, \u00e9l\u00e9gance et utilit\u00e9 professionnelle<\/strong>. Ce coffret rassemble les essentiels de bureau dans une pr\u00e9sentation soign\u00e9e, ce qui en fait une solution pratique pour organiser vos t\u00e2ches quotidiennes ou offrir un <strong data-start=\"1671\" data-end=\"1706\">cadeau d\u2019entreprise sophistiqu\u00e9<\/strong> et utile.<\/p>\r\n<p data-start=\"1756\" data-end=\"2071\">Que vous travailliez au bureau, en t\u00e9l\u00e9travail, ou que vous souhaitiez \u00e9quiper vos collaborateurs avec des accessoires de qualit\u00e9, le <strong data-start=\"1890\" data-end=\"1925\">\u0637\u0642\u0645 \u0623\u0633\u0627\u0633\u064a\u0627\u062a \u0627\u0644\u0645\u0643\u062a\u0628 Elite<\/strong> est pens\u00e9 pour am\u00e9liorer votre productivit\u00e9 tout en ajoutant une touche \u00e9l\u00e9gante \u00e0 votre espace de travail.<\/p>\r\n<h3 data-start=\"2073\" data-end=\"2108\">\u00a0Ce que contient ce coffret :<\/h3>\r\n<p data-start=\"2110\" data-end=\"2540\"><strong data-start=\"2113\" data-end=\"2149\">Accessoires essentiels de bureau<\/strong> soigneusement s\u00e9lectionn\u00e9s pour r\u00e9pondre aux besoins professionnels. <br data-start=\"2256\" data-end=\"2259\" \/><strong data-start=\"2262\" data-end=\"2297\">Design moderne et professionnel<\/strong> \u2013 chaque pi\u00e8ce est con\u00e7ue avec un style \u00e9l\u00e9gant qui compl\u00e8te tout espace de travail. <br data-start=\"2420\" data-end=\"2423\" \/><strong data-start=\"2426\" data-end=\"2459\">Pr\u00e9sent\u00e9 dans un coffret chic<\/strong> pr\u00eat \u00e0 offrir ou \u00e0 utiliser d\u00e8s r\u00e9ception.<\/p>\r\n<p data-start=\"2542\" data-end=\"2599\"><strong data-start=\"2544\" data-end=\"2597\">Points forts du Coffret Elite Office Essentials :<\/strong><\/p>\r\n<ul data-start=\"2600\" data-end=\"3363\">\r\n<li data-start=\"2600\" data-end=\"2783\">\r\n<p data-start=\"2602\" data-end=\"2783\"><strong data-start=\"2605\" data-end=\"2632\">Organisation optimis\u00e9e:<\/strong> Regroupe plusieurs accessoires pratiques dans un seul ensemble complet pour votre bureau ou espace de travail.<\/p>\r\n<\/li>\r\n<li data-start=\"2784\" data-end=\"2924\">\r\n<p data-start=\"2786\" data-end=\"2924\"><strong data-start=\"2789\" data-end=\"2809\">Qualit\u00e9 &amp; style:<\/strong> Pi\u00e8ces premium con\u00e7ues pour durer, avec un design professionnel et soign\u00e9.<\/p>\r\n<\/li>\r\n<li data-start=\"2925\" data-end=\"3155\">\r\n<p data-start=\"2927\" data-end=\"3155\"><strong data-start=\"2930\" data-end=\"2962\">Cadeau d\u2019entreprise parfait:<\/strong> Un choix tr\u00e8s appr\u00e9ci\u00e9 pour remercier des clients, partenaires ou collaborateurs lors de conf\u00e9rences, \u00e9v\u00e9nements professionnels ou f\u00eates de fin d\u2019ann\u00e9e.<\/p>\r\n<\/li>\r\n<li data-start=\"3156\" data-end=\"3363\">\r\n<p data-start=\"3158\" data-end=\"3363\"><strong data-start=\"3161\" data-end=\"3184\">Polyvalent &amp; utile:<\/strong> Que ce soit pour la prise de notes, l\u2019organisation quotidienne ou les r\u00e9unions, cet ensemble r\u00e9pond \u00e0 tous les besoins essentiels du bureau.<\/p>\r\n<\/li>\r\n<\/ul>\r\n<p data-start=\"3365\" data-end=\"3745\">Ce <strong data-start=\"3368\" data-end=\"3394\">coffret bureau premium<\/strong> apporte <strong data-start=\"3403\" data-end=\"3444\">fonctionnalit\u00e9, \u00e9l\u00e9gance et praticit\u00e9<\/strong>, faisant de lui un excellent <strong data-start=\"3474\" data-end=\"3495\">cadeau d\u2019affaires<\/strong> ou un outil indispensable pour les personnes actives. Sa pr\u00e9sentation soign\u00e9e et la s\u00e9lection d\u2019accessoires essentiels en font un choix haut de gamme pour quiconque d\u00e9sire am\u00e9liorer son environnement de travail.<\/p>","protected":false},"excerpt":{"rendered":"<p data-start=\"928\" data-end=\"1171\">Un <strong data-start=\"931\" data-end=\"966\">\u0637\u0642\u0645 \u0623\u0633\u0627\u0633\u064a\u0627\u062a \u0627\u0644\u0645\u0643\u062a\u0628 Elite<\/strong> \u00e9l\u00e9gant et complet r\u00e9unissant les accessoires de bureau indispensables dans un ensemble bureau chic et pratique \u2014 parfait pour <strong data-start=\"1094\" data-end=\"1112\">professionnels<\/strong>, <strong data-start=\"1114\" data-end=\"1124\">cadres<\/strong>, ou comme <strong data-start=\"1135\" data-end=\"1170\">cadeau d\u2019affaires haut de gamme<\/strong>.<\/p>","protected":false},"featured_media":5506,"comment_status":"open","ping_status":"closed","template":"","meta":{"inline_featured_image":false},"product_brand":[],"product_cat":[53,33],"product_tag":[],"class_list":{"0":"post-1467","1":"product","2":"type-product","3":"status-publish","4":"has-post-thumbnail","6":"product_cat-coffret-bloc-notes-4-pieces","7":"product_cat-goodies-cat","9":"first","10":"instock","11":"shipping-taxable","12":"product-type-simple"},"jetpack_sharing_enabled":true,"_links":{"self":[{"href":"https:\/\/meetpro.ma\/ar\/wp-json\/wp\/v2\/product\/1467","targetHints":{"allow":["GET"]}}],"collection":[{"href":"https:\/\/meetpro.ma\/ar\/wp-json\/wp\/v2\/product"}],"about":[{"href":"https:\/\/meetpro.ma\/ar\/wp-json\/wp\/v2\/types\/product"}],"replies":[{"embeddable":true,"href":"https:\/\/meetpro.ma\/ar\/wp-json\/wp\/v2\/comments?post=1467"}],"version-history":[{"count":1,"href":"https:\/\/meetpro.ma\/ar\/wp-json\/wp\/v2\/product\/1467\/revisions"}],"predecessor-version":[{"id":5157,"href":"https:\/\/meetpro.ma\/ar\/wp-json\/wp\/v2\/product\/1467\/revisions\/5157"}],"wp:featuredmedia":[{"embeddable":true,"href":"https:\/\/meetpro.ma\/ar\/wp-json\/wp\/v2\/media\/5506"}],"wp:attachment":[{"href":"https:\/\/meetpro.ma\/ar\/wp-json\/wp\/v2\/media?parent=1467"}],"wp:term":[{"taxonomy":"product_brand","embeddable":true,"href":"https:\/\/meetpro.ma\/ar\/wp-json\/wp\/v2\/product_brand?post=1467"},{"taxonomy":"product_cat","embeddable":true,"href":"https:\/\/meetpro.ma\/ar\/wp-json\/wp\/v2\/product_cat?post=1467"},{"taxonomy":"product_tag","embeddable":true,"href":"https:\/\/meetpro.ma\/ar\/wp-json\/wp\/v2\/product_tag?post=1467"}],"curies":[{"name":"wp","href":"https:\/\/api.w.org\/{rel}","templated":true}]}}