{"id":1547,"date":"2025-11-26T08:46:45","date_gmt":"2025-11-26T08:46:45","guid":{"rendered":"https:\/\/meetpro.ma\/?post_type=product&#038;p=1547"},"modified":"2026-02-03T14:26:30","modified_gmt":"2026-02-03T14:26:30","slug":"crayon-hb-en-bois-noir","status":"publish","type":"product","link":"https:\/\/meetpro.ma\/ar\/crayon-hb-en-bois-noir\/","title":{"rendered":"Crayon HB en Bois Noir Personnalis\u00e9 \u2013 Crayons Publicitaires | MeetPro"},"content":{"rendered":"<p>Ne sous-estimez jamais l&rsquo;importance d&rsquo;un bon outil d&rsquo;\u00e9criture : le <strong>\u0642\u0644\u0645 \u0631\u0635\u0627\u0635 HB \u0645\u0646 \u0627\u0644\u062e\u0634\u0628 \u0627\u0644\u0623\u0633\u0648\u062f<\/strong> est l&rsquo;accessoire indispensable pour le dessin technique, les croquis ou la prise de notes rapide. Class\u00e9 dans notre collection <strong>\u0627\u0644\u0623\u0642\u0644\u0627\u0645 \u0648\u0623\u062f\u0648\u0627\u062a \u0627\u0644\u0643\u062a\u0627\u0628\u0629<\/strong>, ce crayon offre une mine <strong>HB<\/strong> polyvalente, id\u00e9ale pour un trait net sans \u00eatre trop sec. Son corps en <strong>bois noir<\/strong> mat lui conf\u00e8re une allure professionnelle et moderne, le distinguant des crayons traditionnels. Que vous soyez architecte, \u00e9tudiant ou simplement \u00e0 la recherche d&rsquo;un <strong>crayon de qualit\u00e9 pour le dessin<\/strong> ou l&rsquo;\u00e9criture quotidienne, ce mod\u00e8le est vendu en lot pour garantir que vous ayez toujours un instrument d&rsquo;\u00e9criture fiable et \u00e9l\u00e9gant \u00e0 port\u00e9e de main.<\/p>","protected":false},"excerpt":{"rendered":"<p data-path-to-node=\"7\">Le <b>\u0642\u0644\u0645 \u0631\u0635\u0627\u0635 HB \u0645\u0646 \u0627\u0644\u062e\u0634\u0628 \u0627\u0644\u0623\u0633\u0648\u062f<\/b> est l&rsquo;essentiel du bureau. Faisant partie de notre gamme <b>\u0627\u0644\u0623\u0642\u0644\u0627\u0645 \u0648\u0623\u062f\u0648\u0627\u062a \u0627\u0644\u0643\u062a\u0627\u0628\u0629<\/b>, ce crayon offre une \u00e9criture pr\u00e9cise et un design noir \u00e9l\u00e9gant. Parfait pour les croquis ou les notes rapides. <b>Achetez ce lot de crayons<\/b> pour une performance fiable.<\/p>","protected":false},"featured_media":1550,"comment_status":"open","ping_status":"closed","template":"","meta":{"inline_featured_image":false},"product_brand":[],"product_cat":[33,42],"product_tag":[],"class_list":{"0":"post-1547","1":"product","2":"type-product","3":"status-publish","4":"has-post-thumbnail","6":"product_cat-goodies-cat","7":"product_cat-stylos-ecriture","9":"first","10":"instock","11":"shipping-taxable","12":"purchasable","13":"product-type-simple"},"jetpack_sharing_enabled":true,"_links":{"self":[{"href":"https:\/\/meetpro.ma\/ar\/wp-json\/wp\/v2\/product\/1547","targetHints":{"allow":["GET"]}}],"collection":[{"href":"https:\/\/meetpro.ma\/ar\/wp-json\/wp\/v2\/product"}],"about":[{"href":"https:\/\/meetpro.ma\/ar\/wp-json\/wp\/v2\/types\/product"}],"replies":[{"embeddable":true,"href":"https:\/\/meetpro.ma\/ar\/wp-json\/wp\/v2\/comments?post=1547"}],"version-history":[{"count":1,"href":"https:\/\/meetpro.ma\/ar\/wp-json\/wp\/v2\/product\/1547\/revisions"}],"predecessor-version":[{"id":5215,"href":"https:\/\/meetpro.ma\/ar\/wp-json\/wp\/v2\/product\/1547\/revisions\/5215"}],"wp:featuredmedia":[{"embeddable":true,"href":"https:\/\/meetpro.ma\/ar\/wp-json\/wp\/v2\/media\/1550"}],"wp:attachment":[{"href":"https:\/\/meetpro.ma\/ar\/wp-json\/wp\/v2\/media?parent=1547"}],"wp:term":[{"taxonomy":"product_brand","embeddable":true,"href":"https:\/\/meetpro.ma\/ar\/wp-json\/wp\/v2\/product_brand?post=1547"},{"taxonomy":"product_cat","embeddable":true,"href":"https:\/\/meetpro.ma\/ar\/wp-json\/wp\/v2\/product_cat?post=1547"},{"taxonomy":"product_tag","embeddable":true,"href":"https:\/\/meetpro.ma\/ar\/wp-json\/wp\/v2\/product_tag?post=1547"}],"curies":[{"name":"wp","href":"https:\/\/api.w.org\/{rel}","templated":true}]}}