{"id":1849,"date":"2025-11-28T11:19:08","date_gmt":"2025-11-28T11:19:08","guid":{"rendered":"https:\/\/meetpro.ma\/?post_type=product&#038;p=1849"},"modified":"2026-02-13T16:43:44","modified_gmt":"2026-02-13T16:43:44","slug":"stylo-a-bille-coloredge","status":"publish","type":"product","link":"https:\/\/meetpro.ma\/ar\/stylo-a-bille-coloredge\/","title":{"rendered":"\u0642\u0644\u0645 \u062d\u0628\u0631 \u062c\u0627\u0641 ColorEdge"},"content":{"rendered":"<p data-start=\"1391\" data-end=\"1742\"><strong data-start=\"1391\" data-end=\"1453\">Stylo \u00e0 bille ColorEdge \u2013 \u00e9criture fluide et design color\u00e9<\/strong><br data-start=\"1453\" data-end=\"1456\" \/>Le <em data-start=\"1459\" data-end=\"1484\">\u0642\u0644\u0645 \u062d\u0628\u0631 \u062c\u0627\u0641 ColorEdge<\/em> est con\u00e7u pour offrir une <strong data-start=\"1511\" data-end=\"1566\">exp\u00e9rience d\u2019\u00e9criture fluide, confortable et fiable<\/strong> au quotidien. Que ce soit pour <strong data-start=\"1598\" data-end=\"1629\">prendre des notes \u00e0 l\u2019\u00e9cole<\/strong>, r\u00e9diger des documents au <strong data-start=\"1656\" data-end=\"1666\">bureau<\/strong> ou simplement \u00e9crire vos id\u00e9es, ce stylo allie <strong data-start=\"1714\" data-end=\"1741\">performance et \u00e9l\u00e9gance<\/strong>.<\/p>\r\n<p data-start=\"1744\" data-end=\"2067\">Fabriqu\u00e9 avec un m\u00e9canisme de bille de qualit\u00e9, ce stylo assure une <strong data-start=\"1812\" data-end=\"1844\">encre qui glisse sans effort<\/strong> sur le papier, pour une \u00e9criture nette et sans bavures. Les <strong data-start=\"1905\" data-end=\"1935\">couleurs vives et modernes<\/strong> du stylo ColorEdge apportent une touche de style \u00e0 votre trousse ou bureau, tout en rendant l\u2019\u00e9criture plus agr\u00e9able et expressive.<\/p>","protected":false},"excerpt":{"rendered":"<p data-path-to-node=\"7\">Le <b>\u0642\u0644\u0645 \u062d\u0628\u0631 \u062c\u0627\u0641 ColorEdge<\/b> est le <b>stylo bicolore<\/b> pratique et color\u00e9 de la cat\u00e9gorie <b>\u0627\u0644\u0623\u0642\u0644\u0627\u0645 \u0648\u0623\u062f\u0648\u0627\u062a \u0627\u0644\u0643\u062a\u0627\u0628\u0629<\/b>. Son corps blanc est rehauss\u00e9 par un <b>grip couleur<\/b> vive, id\u00e9al pour le tri. Un <b>stylo d&rsquo;entr\u00e9e de gamme<\/b> parfait pour l&rsquo;\u00e9cole ou le bureau, disponible en <b>lot de stylos<\/b> pour tous vos besoins.<\/p>","protected":false},"featured_media":5547,"comment_status":"open","ping_status":"closed","template":"","meta":{"inline_featured_image":false},"product_brand":[],"product_cat":[33,42],"product_tag":[],"class_list":{"0":"post-1849","1":"product","2":"type-product","3":"status-publish","4":"has-post-thumbnail","6":"product_cat-goodies-cat","7":"product_cat-stylos-ecriture","9":"first","10":"instock","11":"shipping-taxable","12":"purchasable","13":"product-type-variable","14":"has-default-attributes"},"jetpack_sharing_enabled":true,"_links":{"self":[{"href":"https:\/\/meetpro.ma\/ar\/wp-json\/wp\/v2\/product\/1849","targetHints":{"allow":["GET"]}}],"collection":[{"href":"https:\/\/meetpro.ma\/ar\/wp-json\/wp\/v2\/product"}],"about":[{"href":"https:\/\/meetpro.ma\/ar\/wp-json\/wp\/v2\/types\/product"}],"replies":[{"embeddable":true,"href":"https:\/\/meetpro.ma\/ar\/wp-json\/wp\/v2\/comments?post=1849"}],"version-history":[{"count":1,"href":"https:\/\/meetpro.ma\/ar\/wp-json\/wp\/v2\/product\/1849\/revisions"}],"predecessor-version":[{"id":5099,"href":"https:\/\/meetpro.ma\/ar\/wp-json\/wp\/v2\/product\/1849\/revisions\/5099"}],"wp:featuredmedia":[{"embeddable":true,"href":"https:\/\/meetpro.ma\/ar\/wp-json\/wp\/v2\/media\/5547"}],"wp:attachment":[{"href":"https:\/\/meetpro.ma\/ar\/wp-json\/wp\/v2\/media?parent=1849"}],"wp:term":[{"taxonomy":"product_brand","embeddable":true,"href":"https:\/\/meetpro.ma\/ar\/wp-json\/wp\/v2\/product_brand?post=1849"},{"taxonomy":"product_cat","embeddable":true,"href":"https:\/\/meetpro.ma\/ar\/wp-json\/wp\/v2\/product_cat?post=1849"},{"taxonomy":"product_tag","embeddable":true,"href":"https:\/\/meetpro.ma\/ar\/wp-json\/wp\/v2\/product_tag?post=1849"}],"curies":[{"name":"wp","href":"https:\/\/api.w.org\/{rel}","templated":true}]}}