{"id":1906,"date":"2025-12-01T08:35:11","date_gmt":"2025-12-01T08:35:11","guid":{"rendered":"https:\/\/meetpro.ma\/?post_type=product&#038;p=1906"},"modified":"2026-02-07T10:14:18","modified_gmt":"2026-02-07T10:14:18","slug":"stylos-bille-colores-a-corps-texture","status":"publish","type":"product","link":"https:\/\/meetpro.ma\/ar\/stylos-bille-colores-a-corps-texture\/","title":{"rendered":"\u0623\u0642\u0644\u0627\u0645 \u062d\u0628\u0631 \u062c\u0627\u0641 \u0645\u0644\u0648\u0646\u0629 \u0628\u062c\u0633\u0645 \u0645\u0644\u0645\u0633"},"content":{"rendered":"<h3 data-start=\"1526\" data-end=\"1586\">Stylos Bille Color\u00e9s \u00e0 Corps Textur\u00e9 Personnalisables<\/h3>\r\n<p data-start=\"1588\" data-end=\"1915\">Les stylos bille color\u00e9s \u00e0 corps textur\u00e9 sont des <strong data-start=\"1638\" data-end=\"1678\">objets publicitaires incontournables<\/strong> pour promouvoir votre marque de mani\u00e8re efficace et durable. Gr\u00e2ce \u00e0 leur design ergonomique et leur prise en main confortable, ils sont parfaits pour une utilisation quotidienne au bureau, \u00e0 l\u2019\u00e9cole ou lors d\u2019\u00e9v\u00e9nements professionnels.<\/p>\r\n<p data-start=\"1917\" data-end=\"2119\">Ces stylos personnalisables peuvent \u00eatre imprim\u00e9s avec votre <strong data-start=\"1978\" data-end=\"2018\">logo, slogan ou message publicitaire<\/strong>, ce qui en fait un excellent support de communication pour les entreprises, agences et institutions.<\/p>\r\n<h3 data-start=\"2121\" data-end=\"2145\">Caract\u00e9ristiques :<\/h3>\r\n<ul data-start=\"2146\" data-end=\"2383\">\r\n<li data-start=\"2146\" data-end=\"2189\">\r\n<p data-start=\"2148\" data-end=\"2189\">Corps en plastique textur\u00e9 antid\u00e9rapant<\/p>\r\n<\/li>\r\n<li data-start=\"2190\" data-end=\"2235\">\r\n<p data-start=\"2192\" data-end=\"2235\">Disponible en plusieurs couleurs modernes<\/p>\r\n<\/li>\r\n<li data-start=\"2236\" data-end=\"2270\">\r\n<p data-start=\"2238\" data-end=\"2270\">\u00c9criture fluide et confortable<\/p>\r\n<\/li>\r\n<li data-start=\"2271\" data-end=\"2325\">\r\n<p data-start=\"2273\" data-end=\"2325\">Personnalisation par impression UV ou tampographie<\/p>\r\n<\/li>\r\n<li data-start=\"2326\" data-end=\"2383\">\r\n<p data-start=\"2328\" data-end=\"2383\">Id\u00e9al pour cadeaux d\u2019entreprise, salons et promotions<\/p>\r\n<\/li>\r\n<\/ul>\r\n<h3 data-start=\"2385\" data-end=\"2405\">Utilisation :<\/h3>\r\n<ul data-start=\"2406\" data-end=\"2532\">\r\n<li data-start=\"2406\" data-end=\"2431\">\r\n<p data-start=\"2408\" data-end=\"2431\">Goodies publicitaires<\/p>\r\n<\/li>\r\n<li data-start=\"2432\" data-end=\"2453\">\r\n<p data-start=\"2434\" data-end=\"2453\">Cadeaux corporate<\/p>\r\n<\/li>\r\n<li data-start=\"2454\" data-end=\"2494\">\r\n<p data-start=\"2456\" data-end=\"2494\">Fournitures de bureau personnalis\u00e9es<\/p>\r\n<\/li>\r\n<li data-start=\"2495\" data-end=\"2532\">\r\n<p data-start=\"2497\" data-end=\"2532\">Campagnes marketing et \u00e9v\u00e9nements<\/p>\r\n<\/li>\r\n<\/ul>\r\n<p data-start=\"2534\" data-end=\"2683\">Un stylo personnalis\u00e9 est un outil marketing puissant qui permet \u00e0 votre marque d\u2019\u00eatre visible chaque jour aupr\u00e8s de vos clients et partenaires.<\/p>","protected":false},"excerpt":{"rendered":"<p>D\u00e9couvrez nos <b>stylos bille color\u00e9s \u00e0 corps textur\u00e9<\/b> en <b>bois\/bambou<\/b>. Un choix <b>\u00e9co-responsable<\/b> parfait pour la cat\u00e9gorie <b>\u0627\u0644\u0623\u0642\u0644\u0627\u0645 \u0648\u0623\u062f\u0648\u0627\u062a \u0627\u0644\u0643\u062a\u0627\u0628\u0629<\/b>. Profitez d&rsquo;une <b>\u00e9criture fluide<\/b> et d&rsquo;une <b>prise en main confortable<\/b>. Disponibles en plusieurs couleurs vives pour une <b>personnalisation<\/b> r\u00e9ussie. Id\u00e9al pour vos <b>campagnes promotionnelles<\/b> durables.<\/p>","protected":false},"featured_media":1907,"comment_status":"open","ping_status":"closed","template":"","meta":{"inline_featured_image":false},"product_brand":[],"product_cat":[33,42],"product_tag":[],"class_list":{"0":"post-1906","1":"product","2":"type-product","3":"status-publish","4":"has-post-thumbnail","6":"product_cat-goodies-cat","7":"product_cat-stylos-ecriture","9":"first","10":"instock","11":"shipping-taxable","12":"purchasable","13":"product-type-variable","14":"has-default-attributes"},"jetpack_sharing_enabled":true,"_links":{"self":[{"href":"https:\/\/meetpro.ma\/ar\/wp-json\/wp\/v2\/product\/1906","targetHints":{"allow":["GET"]}}],"collection":[{"href":"https:\/\/meetpro.ma\/ar\/wp-json\/wp\/v2\/product"}],"about":[{"href":"https:\/\/meetpro.ma\/ar\/wp-json\/wp\/v2\/types\/product"}],"replies":[{"embeddable":true,"href":"https:\/\/meetpro.ma\/ar\/wp-json\/wp\/v2\/comments?post=1906"}],"version-history":[{"count":1,"href":"https:\/\/meetpro.ma\/ar\/wp-json\/wp\/v2\/product\/1906\/revisions"}],"predecessor-version":[{"id":5090,"href":"https:\/\/meetpro.ma\/ar\/wp-json\/wp\/v2\/product\/1906\/revisions\/5090"}],"wp:featuredmedia":[{"embeddable":true,"href":"https:\/\/meetpro.ma\/ar\/wp-json\/wp\/v2\/media\/1907"}],"wp:attachment":[{"href":"https:\/\/meetpro.ma\/ar\/wp-json\/wp\/v2\/media?parent=1906"}],"wp:term":[{"taxonomy":"product_brand","embeddable":true,"href":"https:\/\/meetpro.ma\/ar\/wp-json\/wp\/v2\/product_brand?post=1906"},{"taxonomy":"product_cat","embeddable":true,"href":"https:\/\/meetpro.ma\/ar\/wp-json\/wp\/v2\/product_cat?post=1906"},{"taxonomy":"product_tag","embeddable":true,"href":"https:\/\/meetpro.ma\/ar\/wp-json\/wp\/v2\/product_tag?post=1906"}],"curies":[{"name":"wp","href":"https:\/\/api.w.org\/{rel}","templated":true}]}}