{"id":4534,"date":"2026-01-09T10:41:13","date_gmt":"2026-01-09T10:41:13","guid":{"rendered":"https:\/\/meetpro.ma\/?post_type=product&#038;p=4534"},"modified":"2026-01-27T14:19:27","modified_gmt":"2026-01-27T14:19:27","slug":"coffret-carnet-stylo-personnalise-entreprise","status":"publish","type":"product","link":"https:\/\/meetpro.ma\/ar\/coffret-carnet-stylo-personnalise-entreprise\/","title":{"rendered":"Coffret cadeau business avec carnet textur\u00e9 et stylo personnalis\u00e9"},"content":{"rendered":"<h2 data-start=\"860\" data-end=\"931\">Coffret cadeau business avec carnet textur\u00e9 et stylo personnalis\u00e9<\/h2>\n<p data-start=\"933\" data-end=\"1227\">Ce coffret cadeau business premium est une solution id\u00e9ale pour les entreprises souhaitant offrir un cadeau \u00e9l\u00e9gant et utile \u00e0 leurs clients, partenaires ou collaborateurs. Il comprend un <strong data-start=\"1121\" data-end=\"1153\">carnet textur\u00e9 haut de gamme<\/strong> et un <strong data-start=\"1160\" data-end=\"1177\">stylo assorti<\/strong>, pr\u00e9sent\u00e9s dans un coffret \u00e9l\u00e9gant pr\u00eat \u00e0 offrir.<\/p>\n<p data-start=\"1229\" data-end=\"1452\">Parfait pour les \u00e9v\u00e9nements corporate, salons professionnels, s\u00e9minaires et cadeaux promotionnels, ce set d\u2019\u00e9criture permet de renforcer l\u2019image de marque de votre entreprise gr\u00e2ce \u00e0 la <strong data-start=\"1415\" data-end=\"1451\">personnalisation avec votre logo<\/strong>.<\/p>\n<h3 data-start=\"1454\" data-end=\"1489\">Caract\u00e9ristiques du coffret :<\/h3>\n<ul data-start=\"1490\" data-end=\"1732\">\n<li data-start=\"1490\" data-end=\"1541\">\n<p data-start=\"1492\" data-end=\"1541\">Carnet textur\u00e9 premium avec couverture \u00e9l\u00e9gante<\/p>\n<\/li>\n<li data-start=\"1542\" data-end=\"1580\">\n<p data-start=\"1544\" data-end=\"1580\">Stylo assorti design professionnel<\/p>\n<\/li>\n<li data-start=\"1581\" data-end=\"1622\">\n<p data-start=\"1583\" data-end=\"1622\">Coffret cadeau business pr\u00eat \u00e0 offrir<\/p>\n<\/li>\n<li data-start=\"1623\" data-end=\"1666\">\n<p data-start=\"1625\" data-end=\"1666\">Personnalisation possible (logo, texte)<\/p>\n<\/li>\n<li data-start=\"1667\" data-end=\"1732\">\n<p data-start=\"1669\" data-end=\"1732\">Id\u00e9al pour cadeaux corporate, goodies entreprise et marketing<\/p>\n<\/li>\n<\/ul>\n<p data-start=\"1734\" data-end=\"1837\">Offrez un coffret d\u2019\u00e9criture professionnel qui allie \u00e9l\u00e9gance, utilit\u00e9 et visibilit\u00e9 pour votre marque.<\/p>","protected":false},"excerpt":{"rendered":"<p data-path-to-node=\"7,0\">Sublimez votre communication avec ce <b data-path-to-node=\"7,0\" data-index-in-node=\"37\">coffret goodies 2 pi\u00e8ces<\/b> au style contemporain. Ce set comprend un carnet A5 \u00e0 la finition \u00ab\u00a0lin\u00a0\u00bb \u00e9l\u00e9gante avec fermeture \u00e9lastique verticale et un stylo \u00e0 bille premium assorti. Disponible en vert sapin, bleu azur, gris perle et noir classique.<\/p>","protected":false},"featured_media":4535,"comment_status":"open","ping_status":"closed","template":"","meta":{"inline_featured_image":false},"product_brand":[],"product_cat":[33,52],"product_tag":[],"class_list":{"0":"post-4534","1":"product","2":"type-product","3":"status-publish","4":"has-post-thumbnail","6":"product_cat-goodies-cat","7":"product_cat-coffret-bloc-notes-2-pieces","9":"first","10":"instock","11":"shipping-taxable","12":"purchasable","13":"product-type-simple"},"jetpack_sharing_enabled":true,"_links":{"self":[{"href":"https:\/\/meetpro.ma\/ar\/wp-json\/wp\/v2\/product\/4534","targetHints":{"allow":["GET"]}}],"collection":[{"href":"https:\/\/meetpro.ma\/ar\/wp-json\/wp\/v2\/product"}],"about":[{"href":"https:\/\/meetpro.ma\/ar\/wp-json\/wp\/v2\/types\/product"}],"replies":[{"embeddable":true,"href":"https:\/\/meetpro.ma\/ar\/wp-json\/wp\/v2\/comments?post=4534"}],"version-history":[{"count":2,"href":"https:\/\/meetpro.ma\/ar\/wp-json\/wp\/v2\/product\/4534\/revisions"}],"predecessor-version":[{"id":5068,"href":"https:\/\/meetpro.ma\/ar\/wp-json\/wp\/v2\/product\/4534\/revisions\/5068"}],"wp:featuredmedia":[{"embeddable":true,"href":"https:\/\/meetpro.ma\/ar\/wp-json\/wp\/v2\/media\/4535"}],"wp:attachment":[{"href":"https:\/\/meetpro.ma\/ar\/wp-json\/wp\/v2\/media?parent=4534"}],"wp:term":[{"taxonomy":"product_brand","embeddable":true,"href":"https:\/\/meetpro.ma\/ar\/wp-json\/wp\/v2\/product_brand?post=4534"},{"taxonomy":"product_cat","embeddable":true,"href":"https:\/\/meetpro.ma\/ar\/wp-json\/wp\/v2\/product_cat?post=4534"},{"taxonomy":"product_tag","embeddable":true,"href":"https:\/\/meetpro.ma\/ar\/wp-json\/wp\/v2\/product_tag?post=4534"}],"curies":[{"name":"wp","href":"https:\/\/api.w.org\/{rel}","templated":true}]}}