{"id":4818,"date":"2026-01-19T14:02:53","date_gmt":"2026-01-19T14:02:53","guid":{"rendered":"https:\/\/meetpro.ma\/?page_id=4818"},"modified":"2026-02-28T10:18:16","modified_gmt":"2026-02-28T10:18:16","slug":"coockies","status":"publish","type":"page","link":"https:\/\/meetpro.ma\/en\/coockies\/","title":{"rendered":"coockies"},"content":{"rendered":"<div data-elementor-type=\"wp-page\" data-elementor-id=\"4818\" class=\"elementor elementor-4818\" data-elementor-post-type=\"page\">\n\t\t\t\t<div class=\"elementor-element elementor-element-25483be e-con-full e-flex e-con e-parent\" data-id=\"25483be\" data-element_type=\"container\" data-e-type=\"container\">\n\t\t\t\t<div class=\"elementor-element elementor-element-9ec8f35 elementor-widget elementor-widget-heading\" data-id=\"9ec8f35\" data-element_type=\"widget\" data-e-type=\"widget\" data-widget_type=\"heading.default\">\n\t\t\t\t\t<h1 class=\"elementor-heading-title elementor-size-default\">Politique des cookies \u2014 MeetPro<\/h1>\t\t\t\t<\/div>\n\t\t\t\t<\/div>\n\t\t<div class=\"elementor-element elementor-element-e77d393 e-con-full e-flex e-con e-parent\" data-id=\"e77d393\" data-element_type=\"container\" data-e-type=\"container\">\n\t\t\t\t<div class=\"elementor-element elementor-element-f896e9d elementor-widget elementor-widget-heading\" data-id=\"f896e9d\" data-element_type=\"widget\" data-e-type=\"widget\" data-widget_type=\"heading.default\">\n\t\t\t\t\t<h3 class=\"elementor-heading-title elementor-size-default\">1. Qu\u2019est-ce qu\u2019un cookie ?<\/h3>\t\t\t\t<\/div>\n\t\t\t\t<div class=\"elementor-element elementor-element-e2d0ae9 elementor-widget elementor-widget-text-editor\" data-id=\"e2d0ae9\" data-element_type=\"widget\" data-e-type=\"widget\" data-widget_type=\"text-editor.default\">\n\t\t\t\t\t\t\t\t\t<p data-start=\"910\" data-end=\"1203\">Un <strong data-start=\"913\" data-end=\"923\">cookie<\/strong> est un petit fichier texte enregistr\u00e9 sur votre appareil (ordinateur, smartphone, tablette) lorsque vous visitez un site web. Les cookies permettent au site de <strong data-start=\"1084\" data-end=\"1116\">reconna\u00eetre votre navigateur<\/strong> et d\u2019enregistrer certaines informations pour am\u00e9liorer votre exp\u00e9rience de navigation.<\/p>\t\t\t\t\t\t\t\t<\/div>\n\t\t\t\t<\/div>\n\t\t<div class=\"elementor-element elementor-element-691fbc7 e-con-full e-flex e-con e-parent\" data-id=\"691fbc7\" data-element_type=\"container\" data-e-type=\"container\">\n\t\t\t\t<div class=\"elementor-element elementor-element-6baa3b5 elementor-widget elementor-widget-heading\" data-id=\"6baa3b5\" data-element_type=\"widget\" data-e-type=\"widget\" data-widget_type=\"heading.default\">\n\t\t\t\t\t<h3 class=\"elementor-heading-title elementor-size-default\">2. Pourquoi utilisons-nous des cookies ?<\/h3>\t\t\t\t<\/div>\n\t\t\t\t<div class=\"elementor-element elementor-element-570ff6b elementor-widget elementor-widget-text-editor\" data-id=\"570ff6b\" data-element_type=\"widget\" data-e-type=\"widget\" data-widget_type=\"text-editor.default\">\n\t\t\t\t\t\t\t\t\t<p data-start=\"1256\" data-end=\"1289\">Nous utilisons des cookies pour :<\/p><ul><li>Garantir le bon fonctionnement du site web (par exemple : panier, session utilisateur)<\/li><li>Se souvenir de vos pr\u00e9f\u00e9rences (langue, affichage)<\/li><li>Analyser la fa\u00e7on dont vous utilisez le site afin d\u2019<strong data-start=\"1491\" data-end=\"1529\">am\u00e9liorer l\u2019exp\u00e9rience utilisateur<\/strong><\/li><li>Mesurer l\u2019audience et les performances du site<\/li><\/ul>\t\t\t\t\t\t\t\t<\/div>\n\t\t\t\t<\/div>\n\t\t<div class=\"elementor-element elementor-element-1987133 e-con-full e-flex e-con e-parent\" data-id=\"1987133\" data-element_type=\"container\" data-e-type=\"container\">\n\t\t\t\t<div class=\"elementor-element elementor-element-b285222 elementor-widget elementor-widget-heading\" data-id=\"b285222\" data-element_type=\"widget\" data-e-type=\"widget\" data-widget_type=\"heading.default\">\n\t\t\t\t\t<h3 class=\"elementor-heading-title elementor-size-default\">\ud83c\udf6a Cookies essentiels (n\u00e9cessaires)<\/h3>\t\t\t\t<\/div>\n\t\t\t\t<div class=\"elementor-element elementor-element-22cbfb3 elementor-widget elementor-widget-text-editor\" data-id=\"22cbfb3\" data-element_type=\"widget\" data-e-type=\"widget\" data-widget_type=\"text-editor.default\">\n\t\t\t\t\t\t\t\t\t<p data-start=\"1676\" data-end=\"1840\">Ces cookies sont indispensables au fonctionnement du site. Sans eux, certaines fonctionnalit\u00e9s (ex. : panier, connexion) pourraient ne pas fonctionner correctement.<\/p><p data-start=\"1842\" data-end=\"1856\"><strong data-start=\"1842\" data-end=\"1856\">Exemples :<\/strong><\/p><ul data-start=\"1857\" data-end=\"1968\"><li data-start=\"1857\" data-end=\"1915\"><p data-start=\"1859\" data-end=\"1915\">Cookies de session pour garder le panier ou la connexion<\/p><\/li><li data-start=\"1916\" data-end=\"1968\"><p data-start=\"1918\" data-end=\"1968\">Cookies techniques pour le bon affichage des pages<\/p><\/li><\/ul><h4 data-start=\"1970\" data-end=\"1997\">Cookies analytiques<\/h4><p data-start=\"1998\" data-end=\"2200\">Ces cookies <strong data-start=\"2010\" data-end=\"2045\">collectent des donn\u00e9es anonymes<\/strong> sur la fa\u00e7on dont les visiteurs utilisent le site (pages vues, temps pass\u00e9, erreurs, etc.). Ils nous aident \u00e0 optimiser le contenu et les fonctionnalit\u00e9s.<\/p><p data-start=\"2202\" data-end=\"2287\">Ces cookies ne sont utilis\u00e9s que si l\u2019utilisateur accepte les cookies non essentiels.<\/p>\t\t\t\t\t\t\t\t<\/div>\n\t\t\t\t<\/div>\n\t\t\t\t<\/div>","protected":false},"excerpt":{"rendered":"<p>Politique des cookies \u2014 MeetPro 1. Qu\u2019est-ce qu\u2019un cookie ? Un cookie est un petit fichier texte enregistr\u00e9 sur votre appareil (ordinateur, smartphone, tablette) lorsque vous visitez un site web. Les cookies permettent au site de reconna\u00eetre votre navigateur et d\u2019enregistrer certaines informations pour am\u00e9liorer votre exp\u00e9rience de navigation. 2. Pourquoi utilisons-nous des cookies ? [&hellip;]<\/p>\n","protected":false},"author":3,"featured_media":0,"parent":0,"menu_order":0,"comment_status":"closed","ping_status":"closed","template":"elementor_header_footer","meta":{"inline_featured_image":false,"footnotes":""},"class_list":["post-4818","page","type-page","status-publish","hentry"],"jetpack_sharing_enabled":true,"_links":{"self":[{"href":"https:\/\/meetpro.ma\/en\/wp-json\/wp\/v2\/pages\/4818","targetHints":{"allow":["GET"]}}],"collection":[{"href":"https:\/\/meetpro.ma\/en\/wp-json\/wp\/v2\/pages"}],"about":[{"href":"https:\/\/meetpro.ma\/en\/wp-json\/wp\/v2\/types\/page"}],"author":[{"embeddable":true,"href":"https:\/\/meetpro.ma\/en\/wp-json\/wp\/v2\/users\/3"}],"replies":[{"embeddable":true,"href":"https:\/\/meetpro.ma\/en\/wp-json\/wp\/v2\/comments?post=4818"}],"version-history":[{"count":7,"href":"https:\/\/meetpro.ma\/en\/wp-json\/wp\/v2\/pages\/4818\/revisions"}],"predecessor-version":[{"id":6126,"href":"https:\/\/meetpro.ma\/en\/wp-json\/wp\/v2\/pages\/4818\/revisions\/6126"}],"wp:attachment":[{"href":"https:\/\/meetpro.ma\/en\/wp-json\/wp\/v2\/media?parent=4818"}],"curies":[{"name":"wp","href":"https:\/\/api.w.org\/{rel}","templated":true}]}}