{"id":1175,"date":"2025-11-21T10:15:35","date_gmt":"2025-11-21T10:15:35","guid":{"rendered":"https:\/\/meetpro.ma\/?post_type=product&#038;p=1175"},"modified":"2026-01-27T10:57:05","modified_gmt":"2026-01-27T10:57:05","slug":"casquette-personnalisee","status":"publish","type":"product","link":"https:\/\/meetpro.ma\/en\/casquette-personnalisee\/","title":{"rendered":"Customized Cap"},"content":{"rendered":"<p><span style=\"font-weight: 400;\">Lors des journ\u00e9es ensoleill\u00e9es ou pour ajouter une touche de personnalit\u00e9 \u00e0 votre tenue, les Casquettes personnalis\u00e9es deviennent rapidement vos meilleurs alli\u00e9s. Plus qu&rsquo;un simple accessoire, elles incarnent le mariage entre le style et la fonctionnalit\u00e9. Arborant une visi\u00e8re, elles offrent une protection contre le soleil tout en exprimant votre go\u00fbt unique.<\/span><\/p>\n<p><span style=\"font-weight: 400;\">La Casquette est un objet polyvalent, utilis\u00e9 pour une vari\u00e9t\u00e9 de raisons. Qu&rsquo;il s&rsquo;agisse de se cacher pour pr\u00e9server l&rsquo;anonymat, de se prot\u00e9ger du froid ou tout simplement d&rsquo;afficher son sens du style, la casquette r\u00e9pond \u00e0 divers besoins. C&rsquo;est gr\u00e2ce \u00e0 cette polyvalence et aux avantages qu&rsquo;elle offre que la casquette a gagn\u00e9 sa place en tant qu&rsquo;objet publicitaire. En la personnalisant avec votre logo ou message, elle devient une toile pour votre identit\u00e9 de marque.<\/span><\/p>\n<p><span style=\"font-weight: 400;\">Chez MeetPro, nous comprenons que chaque d\u00e9tail compte lorsqu&rsquo;il s&rsquo;agit de laisser une impression durable. Nos Casquettes Personnalis\u00e9es deviennent des moyens puissants d&rsquo;exprimer votre marque, de promouvoir votre entreprise et d&rsquo;ajouter une touche de personnalit\u00e9 \u00e0 vos \u00e9v\u00e9nements et activit\u00e9s. Avec notre engagement envers la qualit\u00e9 et la personnalisation, vos casquettes deviendront bien plus que de simples accessoires &#8211; elles deviendront des ambassadeurs de votre style et de votre message.\u00a0\u00a0<\/span><\/p>\n<ul>\n<li style=\"font-weight: 400;\" aria-level=\"1\"><span style=\"font-weight: 400;\">Style et Fonction : Les Casquettes personnalis\u00e9es sont \u00e0 la fois des accessoires de mode et des couvre-chefs pratiques.<\/span><\/li>\n<li style=\"font-weight: 400;\" aria-level=\"1\"><span style=\"font-weight: 400;\">Choix de mat\u00e9riaux : Fabriqu\u00e9es en coton \u00e0 cent pour cent, polyester, nylon ou autres mat\u00e9riaux en fonction de vos pr\u00e9f\u00e9rences.<\/span><\/li>\n<li style=\"font-weight: 400;\" aria-level=\"1\"><span style=\"font-weight: 400;\">R\u00e9sultat Personnalis\u00e9 : Le grammage et la texture des mat\u00e9riaux influencent le r\u00e9sultat final, permettant des choix adapt\u00e9s \u00e0 vos besoins.<\/span><\/li>\n<\/ul>","protected":false},"excerpt":{"rendered":"<p><span style=\"font-weight: 400;\">Faites ressortir votre individualit\u00e9 avec notre casquette personnalis\u00e9e. Choisissez parmi une vari\u00e9t\u00e9 de styles, couleurs et designs pour cr\u00e9er une pi\u00e8ce unique qui refl\u00e8te parfaitement votre style.<\/span><\/p>","protected":false},"featured_media":1245,"comment_status":"open","ping_status":"closed","template":"","meta":{"inline_featured_image":false},"product_brand":[],"product_cat":[43,127],"product_tag":[29],"class_list":{"0":"post-1175","1":"product","2":"type-product","3":"status-publish","4":"has-post-thumbnail","6":"product_cat-vetements-pro-cat","7":"product_cat-protection-securite-epi","8":"product_tag-casquette-personnalisee","10":"first","11":"instock","12":"shipping-taxable","13":"product-type-simple"},"jetpack_sharing_enabled":true,"_links":{"self":[{"href":"https:\/\/meetpro.ma\/en\/wp-json\/wp\/v2\/product\/1175","targetHints":{"allow":["GET"]}}],"collection":[{"href":"https:\/\/meetpro.ma\/en\/wp-json\/wp\/v2\/product"}],"about":[{"href":"https:\/\/meetpro.ma\/en\/wp-json\/wp\/v2\/types\/product"}],"replies":[{"embeddable":true,"href":"https:\/\/meetpro.ma\/en\/wp-json\/wp\/v2\/comments?post=1175"}],"version-history":[{"count":0,"href":"https:\/\/meetpro.ma\/en\/wp-json\/wp\/v2\/product\/1175\/revisions"}],"wp:featuredmedia":[{"embeddable":true,"href":"https:\/\/meetpro.ma\/en\/wp-json\/wp\/v2\/media\/1245"}],"wp:attachment":[{"href":"https:\/\/meetpro.ma\/en\/wp-json\/wp\/v2\/media?parent=1175"}],"wp:term":[{"taxonomy":"product_brand","embeddable":true,"href":"https:\/\/meetpro.ma\/en\/wp-json\/wp\/v2\/product_brand?post=1175"},{"taxonomy":"product_cat","embeddable":true,"href":"https:\/\/meetpro.ma\/en\/wp-json\/wp\/v2\/product_cat?post=1175"},{"taxonomy":"product_tag","embeddable":true,"href":"https:\/\/meetpro.ma\/en\/wp-json\/wp\/v2\/product_tag?post=1175"}],"curies":[{"name":"wp","href":"https:\/\/api.w.org\/{rel}","templated":true}]}}