{"id":1287,"date":"2025-11-21T10:16:37","date_gmt":"2025-11-21T10:16:37","guid":{"rendered":"https:\/\/meetpro.ma\/?post_type=product&#038;p=1287"},"modified":"2026-02-28T11:36:20","modified_gmt":"2026-02-28T11:36:20","slug":"flaska-aluminium-evenementielle","status":"publish","type":"product","link":"https:\/\/meetpro.ma\/en\/flaska-aluminium-evenementielle\/","title":{"rendered":"Flaska Aluminium \u00c9v\u00e9nementielle \u2013 Gourde Personnalisable Maroc"},"content":{"rendered":"<p data-start=\"1132\" data-end=\"1485\">La <strong data-start=\"1135\" data-end=\"1170\">Event Aluminum Water Bottle (\"Flaska\")<\/strong> est une gourde premium con\u00e7ue pour allier <strong data-start=\"1213\" data-end=\"1262\">praticit\u00e9, durabilit\u00e9 et visibilit\u00e9 de marque<\/strong> lors de tous vos \u00e9v\u00e9nements. Fabriqu\u00e9e en aluminium l\u00e9ger mais robuste, cette bouteille r\u00e9utilisable est id\u00e9ale pour garder les boissons fra\u00eeches ou chaudes, tout en offrant une excellente surface pour la personnalisation.<\/p>\n<p data-start=\"1487\" data-end=\"1878\">Que ce soit pour des <strong data-start=\"1508\" data-end=\"1602\">salons professionnels, conf\u00e9rences, s\u00e9minaires, \u00e9v\u00e9nements sportifs ou campagnes marketing<\/strong>, cette flaska aluminium est un excellent moyen d\u2019hydrater vos participants tout en renfor\u00e7ant votre image de marque. Gr\u00e2ce \u00e0 sa surface personnalisable, vous pouvez y apposer votre <strong data-start=\"1784\" data-end=\"1792\">logo<\/strong>, <strong data-start=\"1794\" data-end=\"1804\">slogan<\/strong> ou tout visuel unique qui repr\u00e9sente votre entreprise ou votre \u00e9v\u00e9nement.<\/p>\n<p data-start=\"1880\" data-end=\"2154\">La conception de la flaska permet une utilisation quotidienne confortable, que ce soit pour des activit\u00e9s en ext\u00e9rieur, l\u2019entra\u00eenement ou simplement au bureau. Sa structure r\u00e9sistante en aluminium assure long\u00e9vit\u00e9 et performance, et sa l\u00e9g\u00e8ret\u00e9 la rend facile \u00e0 transporter.<\/p>\n<p data-start=\"2156\" data-end=\"2472\">Offrez une <strong data-start=\"2167\" data-end=\"2206\">flaska \u00e9v\u00e9nementielle personnalis\u00e9e<\/strong> comme cadeau d\u2019entreprise, objet promotionnel ou accessoire pour vos \u00e9quipes \u2014 un moyen pratique et utile de maximiser la visibilit\u00e9 de votre marque. Profitez d\u2019une <strong data-start=\"2372\" data-end=\"2401\">livraison rapide au Maroc<\/strong> pour r\u00e9pondre aux besoins de vos projets \u00e9v\u00e9nementiels sans compromis.<\/p>","protected":false},"excerpt":{"rendered":"<p data-start=\"821\" data-end=\"1075\">La <strong data-start=\"824\" data-end=\"859\">flaska aluminium \u00e9v\u00e9nementielle<\/strong> est une gourde l\u00e9g\u00e8re et durable, parfaite pour hydrater vos invit\u00e9s, clients ou employ\u00e9s lors de salons, \u00e9v\u00e9nements sportifs et conf\u00e9rences. Personnalisez\u2011la avec votre logo ou message pour promouvoir votre marque.<\/p>","protected":false},"featured_media":6151,"comment_status":"open","ping_status":"closed","template":"","meta":{"inline_featured_image":false},"product_brand":[],"product_cat":[33,111],"product_tag":[],"class_list":{"0":"post-1287","1":"product","2":"type-product","3":"status-publish","4":"has-post-thumbnail","6":"product_cat-goodies-cat","7":"product_cat-gourdes","9":"first","10":"instock","11":"shipping-taxable","12":"product-type-simple"},"jetpack_sharing_enabled":true,"_links":{"self":[{"href":"https:\/\/meetpro.ma\/en\/wp-json\/wp\/v2\/product\/1287","targetHints":{"allow":["GET"]}}],"collection":[{"href":"https:\/\/meetpro.ma\/en\/wp-json\/wp\/v2\/product"}],"about":[{"href":"https:\/\/meetpro.ma\/en\/wp-json\/wp\/v2\/types\/product"}],"replies":[{"embeddable":true,"href":"https:\/\/meetpro.ma\/en\/wp-json\/wp\/v2\/comments?post=1287"}],"version-history":[{"count":1,"href":"https:\/\/meetpro.ma\/en\/wp-json\/wp\/v2\/product\/1287\/revisions"}],"predecessor-version":[{"id":5244,"href":"https:\/\/meetpro.ma\/en\/wp-json\/wp\/v2\/product\/1287\/revisions\/5244"}],"wp:featuredmedia":[{"embeddable":true,"href":"https:\/\/meetpro.ma\/en\/wp-json\/wp\/v2\/media\/6151"}],"wp:attachment":[{"href":"https:\/\/meetpro.ma\/en\/wp-json\/wp\/v2\/media?parent=1287"}],"wp:term":[{"taxonomy":"product_brand","embeddable":true,"href":"https:\/\/meetpro.ma\/en\/wp-json\/wp\/v2\/product_brand?post=1287"},{"taxonomy":"product_cat","embeddable":true,"href":"https:\/\/meetpro.ma\/en\/wp-json\/wp\/v2\/product_cat?post=1287"},{"taxonomy":"product_tag","embeddable":true,"href":"https:\/\/meetpro.ma\/en\/wp-json\/wp\/v2\/product_tag?post=1287"}],"curies":[{"name":"wp","href":"https:\/\/api.w.org\/{rel}","templated":true}]}}