{"id":1475,"date":"2025-11-25T11:29:02","date_gmt":"2025-11-25T11:29:02","guid":{"rendered":"https:\/\/meetpro.ma\/?post_type=product&#038;p=1475"},"modified":"2026-02-11T14:14:10","modified_gmt":"2026-02-11T14:14:10","slug":"coffret-prestigia-set-2","status":"publish","type":"product","link":"https:\/\/meetpro.ma\/en\/coffret-prestigia-set-2\/","title":{"rendered":"Coffret Prestigia Set\u202f2 \u2013 Coffret Bureau \u00c9l\u00e9gant &#038; Cadeau d\u2019Affaires"},"content":{"rendered":"<h3 data-start=\"1237\" data-end=\"1321\"><strong data-start=\"1241\" data-end=\"1321\">Coffret Prestigia Set\u202f2 \u2013 \u00c9l\u00e9gance, Organisation &amp; Cadeau d\u2019Affaires Premium<\/strong><\/h3>\r\n<p data-start=\"1323\" data-end=\"1720\">Boostez votre productivit\u00e9 tout en affirmant votre style professionnel avec le <strong data-start=\"1402\" data-end=\"1429\">Coffret Prestigia Set\u202f2<\/strong> de <em data-start=\"1433\" data-end=\"1442\">MeetPro<\/em>. Cet ensemble chic et fonctionnel est con\u00e7u pour compl\u00e9ter votre espace de travail et faire une impression m\u00e9morable \u2014 que ce soit pour <strong data-start=\"1579\" data-end=\"1600\">prendre des notes<\/strong>, organiser vos rendez\u2011vous ou l\u2019offrir comme <strong data-start=\"1646\" data-end=\"1681\">cadeau d\u2019affaires haut de gamme<\/strong>.<\/p>\r\n<p data-start=\"1722\" data-end=\"2229\">Le <strong data-start=\"1725\" data-end=\"1752\">Coffret Prestigia Set\u202f2<\/strong> combine \u00e9l\u00e9gance, praticit\u00e9 et design professionnel\u202f: il s\u2019agit d\u2019un <strong data-start=\"1822\" data-end=\"1849\">coffret bureau 2 pi\u00e8ces<\/strong> sophistiqu\u00e9 comprenant un <strong data-start=\"1876\" data-end=\"1898\">bloc\u2011notes raffin\u00e9<\/strong> pr\u00e9sent\u00e9 dans un \u00e9crin \u00e9l\u00e9gant, souvent accompagn\u00e9 d\u2019un <strong data-start=\"1955\" data-end=\"1972\">stylo assorti<\/strong> ou d\u2019un accessoire compl\u00e9mentaire. Tout est soigneusement agenc\u00e9 pour offrir une exp\u00e9rience d\u2019utilisation fluide et plaisante, adapt\u00e9e aux besoins des cadres, entrepreneurs, \u00e9tudiants ou amateurs d\u2019\u00e9criture de qualit\u00e9.<\/p>\r\n<p data-start=\"2231\" data-end=\"2280\"><strong data-start=\"2233\" data-end=\"2278\">Points forts du Coffret Prestigia Set\u202f2 :<\/strong><\/p>\r\n<ul data-start=\"2281\" data-end=\"2952\">\r\n<li data-start=\"2281\" data-end=\"2446\">\r\n<p data-start=\"2283\" data-end=\"2446\"><strong data-start=\"2287\" data-end=\"2311\">Design professionnel<\/strong> \u2013 un bloc\u2011notes au style sophistiqu\u00e9, parfait pour capturer id\u00e9es, listes et notes de r\u00e9union.<\/p>\r\n<\/li>\r\n<li data-start=\"2447\" data-end=\"2604\">\r\n<p data-start=\"2449\" data-end=\"2604\"><strong data-start=\"2452\" data-end=\"2476\">Accessoires assortis<\/strong> \u2013 stylo ou compl\u00e9ment pratique pour une exp\u00e9rience compl\u00e8te d\u2019\u00e9criture et de rangement.<\/p>\r\n<\/li>\r\n<li data-start=\"2605\" data-end=\"2783\">\r\n<p data-start=\"2607\" data-end=\"2783\"><strong data-start=\"2610\" data-end=\"2639\">Cadeau d\u2019affaires premium<\/strong> \u2013 id\u00e9al pour remercier collaborateurs, clients ou partenaires lors d\u2019\u00e9v\u00e9nements ou occasions sp\u00e9ciales.<\/p>\r\n<\/li>\r\n<li data-start=\"2784\" data-end=\"2952\">\r\n<p data-start=\"2786\" data-end=\"2952\"><strong data-start=\"2789\" data-end=\"2816\">Utilisation polyvalente<\/strong> \u2013 parfait pour le bureau, les r\u00e9unions, les conf\u00e9rences, ou comme outil d\u2019organisation quotidien.<\/p>\r\n<\/li>\r\n<\/ul>\r\n<p data-start=\"2954\" data-end=\"3312\">Pr\u00e9sent\u00e9 dans un coffret \u00e9l\u00e9gant, ce set refl\u00e8te l\u2019attention aux d\u00e9tails et la qualit\u00e9 que recherchent les utilisateurs modernes. Que vous l\u2019utilisiez pour des t\u00e2ches professionnelles ou personnelles, le <strong data-start=\"3158\" data-end=\"3185\">Coffret Prestigia Set\u202f2<\/strong> rehausse chaque moment d\u2019\u00e9criture gr\u00e2ce \u00e0 son style intemporel et sa conception soign\u00e9e.<\/p>\r\n<p data-start=\"3314\" data-end=\"3641\"><strong data-start=\"3317\" data-end=\"3343\">Id\u00e9e cadeau parfaite :<\/strong><br data-start=\"3343\" data-end=\"3346\" \/>Offrez ce <strong data-start=\"3356\" data-end=\"3374\">coffret bureau<\/strong> \u00e0 vos proches, coll\u00e8gues, ou clients pour un <strong data-start=\"3420\" data-end=\"3467\">cadeau professionnel qui marque les esprits<\/strong> \u2014 sa pr\u00e9sentation \u00e9l\u00e9gante en fait un choix appr\u00e9ci\u00e9 pour les f\u00eates de fin d\u2019ann\u00e9e, les anniversaires ou les \u00e9v\u00e9nements d\u2019entreprise.<\/p>","protected":false},"excerpt":{"rendered":"<p>Un <strong data-start=\"926\" data-end=\"953\">Coffret Prestigia Set\u202f2<\/strong> \u00e9l\u00e9gant comprenant un <strong data-start=\"976\" data-end=\"1007\">bloc\u2011notes au design soign\u00e9<\/strong> et des <strong data-start=\"1015\" data-end=\"1039\">accessoires assortis<\/strong> \u2014 id\u00e9al pour organiser vos id\u00e9es au bureau ou offrir comme <strong data-start=\"1099\" data-end=\"1128\">cadeau d\u2019affaires raffin\u00e9<\/strong>.<\/p>","protected":false},"featured_media":5495,"comment_status":"open","ping_status":"closed","template":"","meta":{"inline_featured_image":false},"product_brand":[],"product_cat":[54,33],"product_tag":[],"class_list":{"0":"post-1475","1":"product","2":"type-product","3":"status-publish","4":"has-post-thumbnail","6":"product_cat-coffret-3-pieces","7":"product_cat-goodies-cat","9":"first","10":"instock","11":"shipping-taxable","12":"purchasable","13":"product-type-simple"},"jetpack_sharing_enabled":true,"_links":{"self":[{"href":"https:\/\/meetpro.ma\/en\/wp-json\/wp\/v2\/product\/1475","targetHints":{"allow":["GET"]}}],"collection":[{"href":"https:\/\/meetpro.ma\/en\/wp-json\/wp\/v2\/product"}],"about":[{"href":"https:\/\/meetpro.ma\/en\/wp-json\/wp\/v2\/types\/product"}],"replies":[{"embeddable":true,"href":"https:\/\/meetpro.ma\/en\/wp-json\/wp\/v2\/comments?post=1475"}],"version-history":[{"count":1,"href":"https:\/\/meetpro.ma\/en\/wp-json\/wp\/v2\/product\/1475\/revisions"}],"predecessor-version":[{"id":5155,"href":"https:\/\/meetpro.ma\/en\/wp-json\/wp\/v2\/product\/1475\/revisions\/5155"}],"wp:featuredmedia":[{"embeddable":true,"href":"https:\/\/meetpro.ma\/en\/wp-json\/wp\/v2\/media\/5495"}],"wp:attachment":[{"href":"https:\/\/meetpro.ma\/en\/wp-json\/wp\/v2\/media?parent=1475"}],"wp:term":[{"taxonomy":"product_brand","embeddable":true,"href":"https:\/\/meetpro.ma\/en\/wp-json\/wp\/v2\/product_brand?post=1475"},{"taxonomy":"product_cat","embeddable":true,"href":"https:\/\/meetpro.ma\/en\/wp-json\/wp\/v2\/product_cat?post=1475"},{"taxonomy":"product_tag","embeddable":true,"href":"https:\/\/meetpro.ma\/en\/wp-json\/wp\/v2\/product_tag?post=1475"}],"curies":[{"name":"wp","href":"https:\/\/api.w.org\/{rel}","templated":true}]}}