{"id":1573,"date":"2025-11-26T09:19:15","date_gmt":"2025-11-26T09:19:15","guid":{"rendered":"https:\/\/meetpro.ma\/?post_type=product&#038;p=1573"},"modified":"2026-02-02T08:56:24","modified_gmt":"2026-02-02T08:56:24","slug":"porte-de-document-simili-cuir","status":"publish","type":"product","link":"https:\/\/meetpro.ma\/en\/porte-de-document-simili-cuir\/","title":{"rendered":"Faux leather document holder"},"content":{"rendered":"<p>Optimisez votre professionnalisme et votre organisation avec le <strong>Faux leather document holder<\/strong>, un accessoire essentiel class\u00e9 dans notre gamme de <strong>bloc notes<\/strong> pour sa capacit\u00e9 \u00e0 int\u00e9grer un carnet ou un sous-main.<\/p>\r\n<ul>\r\n<li>Ce <strong>porte-documents executive<\/strong> est confectionn\u00e9 en <strong>simili-cuir<\/strong> de haute qualit\u00e9, offrant l&rsquo;esth\u00e9tique du cuir v\u00e9ritable \u00e0 un prix abordable. Dot\u00e9 de plusieurs pochettes int\u00e9rieures, il est parfait pour organiser vos cartes de visite, stylos et <strong>documents A4<\/strong>.<\/li>\r\n<li>Si vous recherchez un <strong>sous-main de conf\u00e9rence professionnel<\/strong> ou un <strong>porte-bloc<\/strong> \u00e9l\u00e9gant pour s\u00e9curiser vos papiers et vos <strong>blocs notes lign\u00e9s<\/strong>, ce mod\u00e8le noir est id\u00e9al.<\/li>\r\n<li>Il est le choix parfait pour les r\u00e9unions, les pr\u00e9sentations et pour un <strong>cadeau d&rsquo;entreprise de luxe<\/strong> centr\u00e9 sur l&rsquo;organisation.<\/li>\r\n<\/ul>","protected":false},"excerpt":{"rendered":"<p data-path-to-node=\"7\">Le <b>Faux leather document holder<\/b> est l&rsquo;outil d&rsquo;organisation indispensable. Class\u00e9 comme un <b>bloc notes<\/b> polyvalent, ce <b>porte-documents noir<\/b> est id\u00e9al pour s\u00e9curiser vos papiers et vos notes. Un <b>accessoire executive<\/b> pour des r\u00e9unions impeccables. <b>Achetez ce porte-bloc \u00e9l\u00e9gant<\/b> pour un professionnalisme accru.<\/p>","protected":false},"featured_media":1575,"comment_status":"open","ping_status":"closed","template":"","meta":{"inline_featured_image":false},"product_brand":[],"product_cat":[51,33],"product_tag":[],"class_list":{"0":"post-1573","1":"product","2":"type-product","3":"status-publish","4":"has-post-thumbnail","6":"product_cat-bloc-notes","7":"product_cat-goodies-cat","9":"first","10":"instock","11":"shipping-taxable","12":"product-type-simple"},"jetpack_sharing_enabled":true,"_links":{"self":[{"href":"https:\/\/meetpro.ma\/en\/wp-json\/wp\/v2\/product\/1573","targetHints":{"allow":["GET"]}}],"collection":[{"href":"https:\/\/meetpro.ma\/en\/wp-json\/wp\/v2\/product"}],"about":[{"href":"https:\/\/meetpro.ma\/en\/wp-json\/wp\/v2\/types\/product"}],"replies":[{"embeddable":true,"href":"https:\/\/meetpro.ma\/en\/wp-json\/wp\/v2\/comments?post=1573"}],"version-history":[{"count":1,"href":"https:\/\/meetpro.ma\/en\/wp-json\/wp\/v2\/product\/1573\/revisions"}],"predecessor-version":[{"id":5138,"href":"https:\/\/meetpro.ma\/en\/wp-json\/wp\/v2\/product\/1573\/revisions\/5138"}],"wp:featuredmedia":[{"embeddable":true,"href":"https:\/\/meetpro.ma\/en\/wp-json\/wp\/v2\/media\/1575"}],"wp:attachment":[{"href":"https:\/\/meetpro.ma\/en\/wp-json\/wp\/v2\/media?parent=1573"}],"wp:term":[{"taxonomy":"product_brand","embeddable":true,"href":"https:\/\/meetpro.ma\/en\/wp-json\/wp\/v2\/product_brand?post=1573"},{"taxonomy":"product_cat","embeddable":true,"href":"https:\/\/meetpro.ma\/en\/wp-json\/wp\/v2\/product_cat?post=1573"},{"taxonomy":"product_tag","embeddable":true,"href":"https:\/\/meetpro.ma\/en\/wp-json\/wp\/v2\/product_tag?post=1573"}],"curies":[{"name":"wp","href":"https:\/\/api.w.org\/{rel}","templated":true}]}}