{"id":1923,"date":"2025-12-01T09:22:15","date_gmt":"2025-12-01T09:22:15","guid":{"rendered":"https:\/\/meetpro.ma\/?post_type=product&#038;p=1923"},"modified":"2026-02-14T09:25:55","modified_gmt":"2026-02-14T09:25:55","slug":"stylos-publicitaires-personnalises","status":"publish","type":"product","link":"https:\/\/meetpro.ma\/en\/stylos-publicitaires-personnalises\/","title":{"rendered":"Stylos publicitaires personnalis\u00e9s \u2013 stylos promo avec logo | MeetPro"},"content":{"rendered":"<p data-start=\"2057\" data-end=\"2470\">Nos <strong data-start=\"2061\" data-end=\"2099\">stylos publicitaires personnalis\u00e9s<\/strong> sont un outil incontournable pour toute strat\u00e9gie de communication r\u00e9ussie. Con\u00e7us pour \u00eatre utiles, \u00e9l\u00e9gants et durables, ces stylos offrent une excellente visibilit\u00e9 \u00e0 votre <strong data-start=\"2276\" data-end=\"2284\">logo<\/strong>, message ou slogan. Ils sont particuli\u00e8rement adapt\u00e9s pour les <strong data-start=\"2348\" data-end=\"2425\">salons professionnels, \u00e9v\u00e9nements d\u2019entreprise, campagnes promotionnelles<\/strong> ou comme <strong data-start=\"2435\" data-end=\"2469\">cadeaux clients et partenaires<\/strong>.<\/p>\r\n<p data-start=\"2472\" data-end=\"2814\">Chaque stylo peut \u00eatre personnalis\u00e9 selon vos besoins : <strong data-start=\"2528\" data-end=\"2602\">impression de logo, gravure laser, tampographie ou couleurs sur mesure<\/strong> \u2014 pour cr\u00e9er un support promotionnel qui vous ressemble. Disponibles en <strong data-start=\"2675\" data-end=\"2710\">plusieurs finitions et couleurs<\/strong>, ils s\u2019int\u00e8grent parfaitement dans votre plan marketing tout en augmentant la reconnaissance de marque.<\/p>\r\n<p data-start=\"2816\" data-end=\"3154\">Ce produit allie \u00e0 la fois fonctionnalit\u00e9 et impact visuel. C\u2019est un objet que vos clients utiliseront quotidiennement, offrant ainsi une exposition prolong\u00e9e \u00e0 votre entreprise. Chez MeetPro, nous garantissons une personnalisation de haute qualit\u00e9, une r\u00e9alisation rapide et des options de commande flexibles pour r\u00e9pondre \u00e0 vos besoins.<\/p>\r\n<p data-start=\"3156\" data-end=\"3390\"><strong data-start=\"3159\" data-end=\"3177\">Points forts :<\/strong><br data-start=\"3177\" data-end=\"3180\" \/>\u2022 Personnalisation compl\u00e8te avec logo ou texte<br data-start=\"3226\" data-end=\"3229\" \/>\u2022 Stylos durables et confortables \u00e0 l\u2019usage<br data-start=\"3272\" data-end=\"3275\" \/>\u2022 Id\u00e9al pour \u00e9v\u00e9nements pro, cadeaux d\u2019entreprise, campagnes marketing<br data-start=\"3345\" data-end=\"3348\" \/>\u2022 Plusieurs styles et couleurs disponibles<\/p>\r\n<p data-start=\"3392\" data-end=\"3549\">Donnez \u00e0 votre communication un avantage durable gr\u00e2ce \u00e0 nos stylos publicitaires personnalis\u00e9s \u2014 un petit investissement qui laisse une impression durable !<\/p>","protected":false},"excerpt":{"rendered":"<p data-start=\"1261\" data-end=\"1807\"><strong data-start=\"1261\" data-end=\"1807\">Boostez votre visibilit\u00e9 avec nos stylos publicitaires personnalis\u00e9s ! Fabriqu\u00e9s pour durer et enti\u00e8rement personnalisables avec votre logo ou message, ces stylos sont parfaits pour vos salons, \u00e9v\u00e9nements d\u2019entreprise, campagnes marketing ou cadeaux clients. Disponibles en plusieurs couleurs et styles, ils allient praticit\u00e9 et visibilit\u00e9 durable. Offrez un article utile qui fera parler de votre marque \u00e0 chaque trait d\u2019\u00e9criture. Commandez vos stylos promo avec logo chez MeetPro et profitez d\u2019une communication efficace et professionnelle.<\/strong><\/p>\n<p data-start=\"1809\" data-end=\"1932\">\u00a0<\/p>","protected":false},"featured_media":5556,"comment_status":"open","ping_status":"closed","template":"","meta":{"inline_featured_image":false},"product_brand":[],"product_cat":[33,42],"product_tag":[],"class_list":{"0":"post-1923","1":"product","2":"type-product","3":"status-publish","4":"has-post-thumbnail","6":"product_cat-goodies-cat","7":"product_cat-stylos-ecriture","9":"first","10":"instock","11":"shipping-taxable","12":"purchasable","13":"product-type-simple"},"jetpack_sharing_enabled":true,"_links":{"self":[{"href":"https:\/\/meetpro.ma\/en\/wp-json\/wp\/v2\/product\/1923","targetHints":{"allow":["GET"]}}],"collection":[{"href":"https:\/\/meetpro.ma\/en\/wp-json\/wp\/v2\/product"}],"about":[{"href":"https:\/\/meetpro.ma\/en\/wp-json\/wp\/v2\/types\/product"}],"replies":[{"embeddable":true,"href":"https:\/\/meetpro.ma\/en\/wp-json\/wp\/v2\/comments?post=1923"}],"version-history":[{"count":1,"href":"https:\/\/meetpro.ma\/en\/wp-json\/wp\/v2\/product\/1923\/revisions"}],"predecessor-version":[{"id":5087,"href":"https:\/\/meetpro.ma\/en\/wp-json\/wp\/v2\/product\/1923\/revisions\/5087"}],"wp:featuredmedia":[{"embeddable":true,"href":"https:\/\/meetpro.ma\/en\/wp-json\/wp\/v2\/media\/5556"}],"wp:attachment":[{"href":"https:\/\/meetpro.ma\/en\/wp-json\/wp\/v2\/media?parent=1923"}],"wp:term":[{"taxonomy":"product_brand","embeddable":true,"href":"https:\/\/meetpro.ma\/en\/wp-json\/wp\/v2\/product_brand?post=1923"},{"taxonomy":"product_cat","embeddable":true,"href":"https:\/\/meetpro.ma\/en\/wp-json\/wp\/v2\/product_cat?post=1923"},{"taxonomy":"product_tag","embeddable":true,"href":"https:\/\/meetpro.ma\/en\/wp-json\/wp\/v2\/product_tag?post=1923"}],"curies":[{"name":"wp","href":"https:\/\/api.w.org\/{rel}","templated":true}]}}