{"id":3070,"date":"2025-12-10T10:54:37","date_gmt":"2025-12-10T10:54:37","guid":{"rendered":"https:\/\/meetpro.ma\/?post_type=product&#038;p=3070"},"modified":"2026-02-13T10:16:07","modified_gmt":"2026-02-13T10:16:07","slug":"gourde-en-bambou-pu","status":"publish","type":"product","link":"https:\/\/meetpro.ma\/en\/gourde-en-bambou-pu\/","title":{"rendered":"Gourde en Bambou PU Personnalis\u00e9e"},"content":{"rendered":"<p>L&rsquo;<strong>AquaBambou \u00c9lan<\/strong> est la <strong>gourde sportive et design<\/strong> qui combine modernit\u00e9 et naturalit\u00e9, en faisant un <strong>goodie tendance<\/strong> et tr\u00e8s visible. Son corps color\u00e9 (bleu-vert ou rose) en <strong>PU r\u00e9sistant<\/strong> offre une grande surface de personnalisation, tandis que sa base imitation <strong>bambou<\/strong> apporte une touche \u00e9cologique tr\u00e8s appr\u00e9ci\u00e9e. Pratique, elle est dot\u00e9e d&rsquo;une <strong>anse de transport<\/strong> int\u00e9gr\u00e9e au bouchon, ce qui la rend id\u00e9ale pour la salle de sport, le bureau ou les randonn\u00e9es. Ce <strong>cadeau promotionnel bicolore<\/strong> est parfait pour dynamiser votre marque et cibler une audience jeune et active. En choisissant l&rsquo;AquaBambou \u00c9lan, vous offrez un produit <strong>r\u00e9utilisable<\/strong> qui encourage un mode de vie z\u00e9ro d\u00e9chet, am\u00e9liorant ainsi l&rsquo;image de marque de votre entreprise. C&rsquo;est le <strong>goodie parfait<\/strong> pour les \u00e9v\u00e9nements estivaux ou les kits de bienvenue d&rsquo;entreprise, assurant un excellent <strong>SEO gourde personnalisable<\/strong> et une utilisation quotidienne par vos clients.<\/p>","protected":false},"excerpt":{"rendered":"<p data-path-to-node=\"6\">Optez pour la gourde en bambou PU personnalisable, le goodie \u00e9co-responsable id\u00e9al pour vos \u00e9v\u00e9nements au Maroc. Design bicolore avec anse. Personnalisez avec votre logo .<\/p>","protected":false},"featured_media":5540,"comment_status":"open","ping_status":"closed","template":"","meta":{"inline_featured_image":false},"product_brand":[],"product_cat":[33,111],"product_tag":[],"class_list":{"0":"post-3070","1":"product","2":"type-product","3":"status-publish","4":"has-post-thumbnail","6":"product_cat-goodies-cat","7":"product_cat-gourdes","9":"first","10":"instock","11":"shipping-taxable","12":"purchasable","13":"product-type-variable","14":"has-default-attributes"},"jetpack_sharing_enabled":true,"_links":{"self":[{"href":"https:\/\/meetpro.ma\/en\/wp-json\/wp\/v2\/product\/3070","targetHints":{"allow":["GET"]}}],"collection":[{"href":"https:\/\/meetpro.ma\/en\/wp-json\/wp\/v2\/product"}],"about":[{"href":"https:\/\/meetpro.ma\/en\/wp-json\/wp\/v2\/types\/product"}],"replies":[{"embeddable":true,"href":"https:\/\/meetpro.ma\/en\/wp-json\/wp\/v2\/comments?post=3070"}],"version-history":[{"count":1,"href":"https:\/\/meetpro.ma\/en\/wp-json\/wp\/v2\/product\/3070\/revisions"}],"predecessor-version":[{"id":4311,"href":"https:\/\/meetpro.ma\/en\/wp-json\/wp\/v2\/product\/3070\/revisions\/4311"}],"wp:featuredmedia":[{"embeddable":true,"href":"https:\/\/meetpro.ma\/en\/wp-json\/wp\/v2\/media\/5540"}],"wp:attachment":[{"href":"https:\/\/meetpro.ma\/en\/wp-json\/wp\/v2\/media?parent=3070"}],"wp:term":[{"taxonomy":"product_brand","embeddable":true,"href":"https:\/\/meetpro.ma\/en\/wp-json\/wp\/v2\/product_brand?post=3070"},{"taxonomy":"product_cat","embeddable":true,"href":"https:\/\/meetpro.ma\/en\/wp-json\/wp\/v2\/product_cat?post=3070"},{"taxonomy":"product_tag","embeddable":true,"href":"https:\/\/meetpro.ma\/en\/wp-json\/wp\/v2\/product_tag?post=3070"}],"curies":[{"name":"wp","href":"https:\/\/api.w.org\/{rel}","templated":true}]}}