{"id":3080,"date":"2025-12-10T11:27:16","date_gmt":"2025-12-10T11:27:16","guid":{"rendered":"https:\/\/meetpro.ma\/?post_type=product&#038;p=3080"},"modified":"2026-02-13T10:23:07","modified_gmt":"2026-02-13T10:23:07","slug":"gourde-en-metal-pu","status":"publish","type":"product","link":"https:\/\/meetpro.ma\/en\/gourde-en-metal-pu\/","title":{"rendered":"Metal PU Water Bottle"},"content":{"rendered":"<blockquote class=\"wp-block-quote is-layout-flow wp-block-quote-is-layout-flow\">\r\n<p>La <strong>gourde en m\u00e9tal personnalisable<\/strong> est le <strong>goodies \u00e9co-responsable<\/strong> par excellence pour booster la visibilit\u00e9 de votre marque tout en affirmant vos valeurs environnementales. Con\u00e7ue pour une durabilit\u00e9 maximale, cette gourde, pr\u00e9sent\u00e9e ici dans sa version PU \u00e9l\u00e9gante (polyur\u00e9thane ou finition poudre), est un accessoire quotidien indispensable qui garantit une exposition constante de votre logo. Id\u00e9ale comme <strong>cadeau d&rsquo;entreprise<\/strong> pour vos clients ou pour \u00e9quiper vos collaborateurs, elle remplace avantageusement les bouteilles jetables, s&rsquo;inscrivant parfaitement dans une d\u00e9marche de d\u00e9veloppement durable. Sa construction robuste en m\u00e9tal assure l&rsquo;isolation de la boisson, qu&rsquo;elle soit chaude ou froide, et son design moderne est disponible en plusieurs coloris \u00e9clatants (rouge, vert, bleu, noir) pour s&rsquo;harmoniser avec votre charte graphique. N&rsquo;attendez plus pour demander un devis et int\u00e9grer ce produit phare \u00e0 votre prochaine campagne de <strong>goodies personnalis\u00e9s<\/strong> !<\/p>\r\n\r\n\r\n\r\n<h3 class=\"wp-block-heading\">\u00a0<\/h3>\r\n<\/blockquote>","protected":false},"excerpt":{"rendered":"<p data-path-to-node=\"5,0\">Offrez la <b>gourde en m\u00e9tal personnalisable<\/b> et transformez un objet du quotidien en un puissant outil marketing. Ce <b>goodies \u00e9co-responsable<\/b> est le <b>cadeau d&rsquo;entreprise<\/b> id\u00e9al pour v\u00e9hiculer l&rsquo;image d&rsquo;une marque moderne et engag\u00e9e. Robuste et r\u00e9utilisable, elle assure une visibilit\u00e9 maximale \u00e0 votre logo tout en soutenant la r\u00e9duction des d\u00e9chets plastiques.<\/p>","protected":false},"featured_media":5541,"comment_status":"open","ping_status":"closed","template":"","meta":{"inline_featured_image":false},"product_brand":[],"product_cat":[33,111],"product_tag":[],"class_list":{"0":"post-3080","1":"product","2":"type-product","3":"status-publish","4":"has-post-thumbnail","6":"product_cat-goodies-cat","7":"product_cat-gourdes","9":"first","10":"instock","11":"shipping-taxable","12":"purchasable","13":"product-type-variable","14":"has-default-attributes"},"jetpack_sharing_enabled":true,"_links":{"self":[{"href":"https:\/\/meetpro.ma\/en\/wp-json\/wp\/v2\/product\/3080","targetHints":{"allow":["GET"]}}],"collection":[{"href":"https:\/\/meetpro.ma\/en\/wp-json\/wp\/v2\/product"}],"about":[{"href":"https:\/\/meetpro.ma\/en\/wp-json\/wp\/v2\/types\/product"}],"replies":[{"embeddable":true,"href":"https:\/\/meetpro.ma\/en\/wp-json\/wp\/v2\/comments?post=3080"}],"version-history":[{"count":0,"href":"https:\/\/meetpro.ma\/en\/wp-json\/wp\/v2\/product\/3080\/revisions"}],"wp:featuredmedia":[{"embeddable":true,"href":"https:\/\/meetpro.ma\/en\/wp-json\/wp\/v2\/media\/5541"}],"wp:attachment":[{"href":"https:\/\/meetpro.ma\/en\/wp-json\/wp\/v2\/media?parent=3080"}],"wp:term":[{"taxonomy":"product_brand","embeddable":true,"href":"https:\/\/meetpro.ma\/en\/wp-json\/wp\/v2\/product_brand?post=3080"},{"taxonomy":"product_cat","embeddable":true,"href":"https:\/\/meetpro.ma\/en\/wp-json\/wp\/v2\/product_cat?post=3080"},{"taxonomy":"product_tag","embeddable":true,"href":"https:\/\/meetpro.ma\/en\/wp-json\/wp\/v2\/product_tag?post=3080"}],"curies":[{"name":"wp","href":"https:\/\/api.w.org\/{rel}","templated":true}]}}