{"id":3142,"date":"2025-12-11T08:32:13","date_gmt":"2025-12-11T08:32:13","guid":{"rendered":"https:\/\/meetpro.ma\/?post_type=product&#038;p=3142"},"modified":"2026-02-13T10:41:07","modified_gmt":"2026-02-13T10:41:07","slug":"thermo-gym","status":"publish","type":"product","link":"https:\/\/meetpro.ma\/en\/thermo-gym\/","title":{"rendered":"Thermo Gym Personnalis\u00e9 Maroc | Gourde de Sport Isotherme"},"content":{"rendered":"<p>Ciblez les passionn\u00e9s de <strong>fitness<\/strong> et les sportifs avec notre <strong>GYM Thermos<\/strong>, la <strong>gourde de sport<\/strong> incontournable, parfaitement cat\u00e9goris\u00e9e dans nos <strong>goodies personnalis\u00e9s<\/strong> les plus pratiques. Con\u00e7ue pour l&rsquo;action, cette <strong>bouteille r\u00e9utilisable<\/strong> en m\u00e9tal durable (aluminium ou autre alliage) est l&rsquo;accessoire id\u00e9al pour une <strong>hydratation<\/strong> constante durant les <strong>s\u00e9ances d&rsquo;entra\u00eenement<\/strong>. Son design ergonomique est rehauss\u00e9 par un <strong>mousqueton<\/strong> int\u00e9gr\u00e9 au bouchon, permettant de l&rsquo;attacher facilement \u00e0 un sac ou \u00e0 un v\u00e9lo. Disponible dans des <strong>couleurs dynamiques<\/strong> comme le blanc, le bleu et le rouge, le <strong>GYM Thermos<\/strong> offre une grande surface de marquage pour votre logo. En choisissant ce <strong>cadeau d&rsquo;entreprise<\/strong>, vous offrez non seulement un objet utilitaire, mais vous associez \u00e9galement votre marque \u00e0 la performance, \u00e0 la sant\u00e9 et \u00e0 un engagement <strong>\u00e9cologique<\/strong> fort, garantissant un excellent retour sur investissement dans votre strat\u00e9gie de <strong>merchandising<\/strong><\/p>","protected":false},"excerpt":{"rendered":"<p>Le <b>GYM Thermos<\/b> est la <b>gourde de sport<\/b> en m\u00e9tal par excellence, id\u00e9ale comme <b>goodie fitness<\/b> pour promouvoir un style de vie actif. \u00c9quip\u00e9e d&rsquo;un <b>mousqueton<\/b> pour une portabilit\u00e9 maximale, cette <b>bouteille r\u00e9utilisable<\/b> est un support promotionnel durable et tr\u00e8s visible. Disponible en plusieurs <b>couleurs vives<\/b>, c&rsquo;est le <b>cadeau d&rsquo;entreprise<\/b> essentiel pour l&rsquo;<b>hydratation<\/b> et la visibilit\u00e9 de votre marque en salle de sport.<\/p>","protected":false},"featured_media":3146,"comment_status":"open","ping_status":"closed","template":"","meta":{"inline_featured_image":false},"product_brand":[],"product_cat":[33,111],"product_tag":[],"class_list":{"0":"post-3142","1":"product","2":"type-product","3":"status-publish","4":"has-post-thumbnail","6":"product_cat-goodies-cat","7":"product_cat-gourdes","9":"first","10":"instock","11":"shipping-taxable","12":"purchasable","13":"product-type-simple"},"jetpack_sharing_enabled":true,"_links":{"self":[{"href":"https:\/\/meetpro.ma\/en\/wp-json\/wp\/v2\/product\/3142","targetHints":{"allow":["GET"]}}],"collection":[{"href":"https:\/\/meetpro.ma\/en\/wp-json\/wp\/v2\/product"}],"about":[{"href":"https:\/\/meetpro.ma\/en\/wp-json\/wp\/v2\/types\/product"}],"replies":[{"embeddable":true,"href":"https:\/\/meetpro.ma\/en\/wp-json\/wp\/v2\/comments?post=3142"}],"version-history":[{"count":1,"href":"https:\/\/meetpro.ma\/en\/wp-json\/wp\/v2\/product\/3142\/revisions"}],"predecessor-version":[{"id":3709,"href":"https:\/\/meetpro.ma\/en\/wp-json\/wp\/v2\/product\/3142\/revisions\/3709"}],"wp:featuredmedia":[{"embeddable":true,"href":"https:\/\/meetpro.ma\/en\/wp-json\/wp\/v2\/media\/3146"}],"wp:attachment":[{"href":"https:\/\/meetpro.ma\/en\/wp-json\/wp\/v2\/media?parent=3142"}],"wp:term":[{"taxonomy":"product_brand","embeddable":true,"href":"https:\/\/meetpro.ma\/en\/wp-json\/wp\/v2\/product_brand?post=3142"},{"taxonomy":"product_cat","embeddable":true,"href":"https:\/\/meetpro.ma\/en\/wp-json\/wp\/v2\/product_cat?post=3142"},{"taxonomy":"product_tag","embeddable":true,"href":"https:\/\/meetpro.ma\/en\/wp-json\/wp\/v2\/product_tag?post=3142"}],"curies":[{"name":"wp","href":"https:\/\/api.w.org\/{rel}","templated":true}]}}