{"id":5133,"date":"2026-01-31T10:39:06","date_gmt":"2026-01-31T10:39:06","guid":{"rendered":"https:\/\/meetpro.ma\/?post_type=product&#038;p=5133"},"modified":"2026-02-02T11:00:47","modified_gmt":"2026-02-02T11:00:47","slug":"parapluie-publicitaire-personnalisable-plein-air-2","status":"publish","type":"product","link":"https:\/\/meetpro.ma\/en\/parapluie-publicitaire-personnalisable-plein-air-2\/","title":{"rendered":"Parapluie publicitaire personnalisable \u2013 Accessoire de plein air pour goodies d\u2019entreprise"},"content":{"rendered":"<p data-start=\"982\" data-end=\"1277\">Le <strong data-start=\"985\" data-end=\"1027\">parapluie publicitaire personnalisable<\/strong> est un <strong data-start=\"1035\" data-end=\"1072\">accessoire de plein air essentiel<\/strong> pour les entreprises souhaitant allier <strong data-start=\"1112\" data-end=\"1171\">utilit\u00e9 quotidienne et communication de marque efficace<\/strong>. Con\u00e7u pour r\u00e9sister \u00e0 un usage r\u00e9gulier, il constitue un <strong data-start=\"1230\" data-end=\"1276\">goodies d\u2019entreprise \u00e0 forte valeur per\u00e7ue<\/strong>.<\/p>\n<p data-start=\"1279\" data-end=\"1555\">Gr\u00e2ce \u00e0 sa large surface, ce parapluie offre un <strong data-start=\"1327\" data-end=\"1368\">excellent support de personnalisation<\/strong>, permettant d\u2019afficher clairement votre logo ou identit\u00e9 visuelle. Il garantit une <strong data-start=\"1452\" data-end=\"1475\">visibilit\u00e9 continue<\/strong>, aussi bien en milieu urbain que lors d\u2019\u00e9v\u00e9nements professionnels en ext\u00e9rieur.<\/p>\n<p data-start=\"1557\" data-end=\"1647\">Tr\u00e8s appr\u00e9ci\u00e9 dans les campagnes de <strong data-start=\"1593\" data-end=\"1618\">marketing par l\u2019objet<\/strong>, ce produit est id\u00e9al pour :<\/p>\n<ul data-start=\"1648\" data-end=\"1797\">\n<li data-start=\"1648\" data-end=\"1685\">\n<p data-start=\"1650\" data-end=\"1685\">salons et foires professionnelles<\/p>\n<\/li>\n<li data-start=\"1686\" data-end=\"1720\">\n<p data-start=\"1688\" data-end=\"1720\">cadeaux clients et partenaires<\/p>\n<\/li>\n<li data-start=\"1721\" data-end=\"1756\">\n<p data-start=\"1723\" data-end=\"1756\">\u00e9quipements pour collaborateurs<\/p>\n<\/li>\n<li data-start=\"1757\" data-end=\"1797\">\n<p data-start=\"1759\" data-end=\"1797\">actions promotionnelles longue dur\u00e9e<\/p>\n<\/li>\n<\/ul>\n<p data-start=\"1799\" data-end=\"1967\">Offrir un parapluie publicitaire, c\u2019est proposer un <strong data-start=\"1851\" data-end=\"1902\">objet promotionnel utile, durable et valorisant<\/strong>, qui renforce la notori\u00e9t\u00e9 de votre marque \u00e0 chaque utilisation.<\/p>","protected":false},"excerpt":{"rendered":"<p>Parapluie publicitaire personnalisable, id\u00e9al comme goodies d\u2019entreprise et accessoire de plein air pour une visibilit\u00e9 durable et professionnelle.<\/p>","protected":false},"featured_media":5135,"comment_status":"open","ping_status":"closed","template":"","meta":{"inline_featured_image":false},"product_brand":[],"product_cat":[149,33],"product_tag":[],"class_list":{"0":"post-5133","1":"product","2":"type-product","3":"status-publish","4":"has-post-thumbnail","6":"product_cat-accessoires-de-plein-air","7":"product_cat-goodies-cat","9":"first","10":"instock","11":"shipping-taxable","12":"purchasable","13":"product-type-simple"},"jetpack_sharing_enabled":true,"_links":{"self":[{"href":"https:\/\/meetpro.ma\/en\/wp-json\/wp\/v2\/product\/5133","targetHints":{"allow":["GET"]}}],"collection":[{"href":"https:\/\/meetpro.ma\/en\/wp-json\/wp\/v2\/product"}],"about":[{"href":"https:\/\/meetpro.ma\/en\/wp-json\/wp\/v2\/types\/product"}],"replies":[{"embeddable":true,"href":"https:\/\/meetpro.ma\/en\/wp-json\/wp\/v2\/comments?post=5133"}],"version-history":[{"count":1,"href":"https:\/\/meetpro.ma\/en\/wp-json\/wp\/v2\/product\/5133\/revisions"}],"predecessor-version":[{"id":5134,"href":"https:\/\/meetpro.ma\/en\/wp-json\/wp\/v2\/product\/5133\/revisions\/5134"}],"wp:featuredmedia":[{"embeddable":true,"href":"https:\/\/meetpro.ma\/en\/wp-json\/wp\/v2\/media\/5135"}],"wp:attachment":[{"href":"https:\/\/meetpro.ma\/en\/wp-json\/wp\/v2\/media?parent=5133"}],"wp:term":[{"taxonomy":"product_brand","embeddable":true,"href":"https:\/\/meetpro.ma\/en\/wp-json\/wp\/v2\/product_brand?post=5133"},{"taxonomy":"product_cat","embeddable":true,"href":"https:\/\/meetpro.ma\/en\/wp-json\/wp\/v2\/product_cat?post=5133"},{"taxonomy":"product_tag","embeddable":true,"href":"https:\/\/meetpro.ma\/en\/wp-json\/wp\/v2\/product_tag?post=5133"}],"curies":[{"name":"wp","href":"https:\/\/api.w.org\/{rel}","templated":true}]}}