{"id":5382,"date":"2026-02-05T16:14:52","date_gmt":"2026-02-05T16:14:52","guid":{"rendered":"https:\/\/meetpro.ma\/?post_type=product&#038;p=5382"},"modified":"2026-02-06T17:08:30","modified_gmt":"2026-02-06T17:08:30","slug":"chaise-alpha-monobloc-plastique-personnalisee","status":"publish","type":"product","link":"https:\/\/meetpro.ma\/en\/chaise-alpha-monobloc-plastique-personnalisee\/","title":{"rendered":"Chaise Alpha Monobloc personnalis\u00e9e en plastique"},"content":{"rendered":"<p data-start=\"2779\" data-end=\"3007\">La <strong data-start=\"2782\" data-end=\"2834\">chaise Alpha Monobloc en plastique personnalis\u00e9e<\/strong> est un grand classique du mobilier professionnel. Gr\u00e2ce \u00e0 sa conception monobloc, elle offre une <strong data-start=\"2932\" data-end=\"2956\">excellente stabilit\u00e9<\/strong>, une grande r\u00e9sistance et une longue dur\u00e9e de vie.<\/p>\n<p data-start=\"3009\" data-end=\"3248\">Cette chaise est parfaitement adapt\u00e9e aux <strong data-start=\"3051\" data-end=\"3060\">caf\u00e9s<\/strong>, <strong data-start=\"3062\" data-end=\"3077\">restaurants<\/strong>, <strong data-start=\"3079\" data-end=\"3093\">\u00e9v\u00e9nements<\/strong>, <strong data-start=\"3095\" data-end=\"3107\">mariages<\/strong>, <strong data-start=\"3109\" data-end=\"3126\">collectivit\u00e9s<\/strong> et <strong data-start=\"3130\" data-end=\"3152\">espaces ext\u00e9rieurs<\/strong>. Son design simple et fonctionnel permet une utilisation intensive tout en restant confortable.<\/p>\n<p data-start=\"3250\" data-end=\"3426\">Avec MeetPro, vous pouvez <strong data-start=\"3276\" data-end=\"3318\">personnaliser la chaise Alpha Monobloc<\/strong> selon vos besoins : logo, branding ou couleur, afin d\u2019harmoniser votre mobilier avec votre image de marque.<\/p>\n<p data-start=\"3428\" data-end=\"3462\"><strong data-start=\"3428\" data-end=\"3462\">Caract\u00e9ristiques principales :<\/strong><\/p>\n<ul data-start=\"3463\" data-end=\"3662\">\n<li data-start=\"3463\" data-end=\"3509\">\n<p data-start=\"3465\" data-end=\"3509\">Chaise plastique monobloc ultra r\u00e9sistante<\/p>\n<\/li>\n<li data-start=\"3510\" data-end=\"3547\">\n<p data-start=\"3512\" data-end=\"3547\">Facile \u00e0 empiler et \u00e0 transporter<\/p>\n<\/li>\n<li data-start=\"3548\" data-end=\"3590\">\n<p data-start=\"3550\" data-end=\"3590\">Adapt\u00e9e \u00e0 l\u2019int\u00e9rieur et \u00e0 l\u2019ext\u00e9rieur<\/p>\n<\/li>\n<li data-start=\"3591\" data-end=\"3627\">\n<p data-start=\"3593\" data-end=\"3627\">Personnalisation professionnelle<\/p>\n<\/li>\n<li data-start=\"3628\" data-end=\"3662\">\n<p data-start=\"3630\" data-end=\"3662\">Excellent value for money<\/p>\n<\/li>\n<\/ul>\n<p data-start=\"3664\" data-end=\"3738\">Dimensions : 53 x 57 x 81 cm<br data-start=\"3695\" data-end=\"3698\" \/>Livraison disponible partout au Maroc<\/p>","protected":false},"excerpt":{"rendered":"<p data-start=\"2601\" data-end=\"2746\">Chaise Alpha Monobloc en plastique r\u00e9sistant, empilable et personnalisable. Un choix \u00e9conomique pour \u00e9v\u00e9nements, caf\u00e9s et espaces professionnels.<\/p>","protected":false},"featured_media":5384,"comment_status":"open","ping_status":"closed","template":"","meta":{"inline_featured_image":false},"product_brand":[],"product_cat":[149,33],"product_tag":[],"class_list":{"0":"post-5382","1":"product","2":"type-product","3":"status-publish","4":"has-post-thumbnail","6":"product_cat-accessoires-de-plein-air","7":"product_cat-goodies-cat","9":"first","10":"instock","11":"shipping-taxable","12":"purchasable","13":"product-type-simple"},"jetpack_sharing_enabled":true,"_links":{"self":[{"href":"https:\/\/meetpro.ma\/en\/wp-json\/wp\/v2\/product\/5382","targetHints":{"allow":["GET"]}}],"collection":[{"href":"https:\/\/meetpro.ma\/en\/wp-json\/wp\/v2\/product"}],"about":[{"href":"https:\/\/meetpro.ma\/en\/wp-json\/wp\/v2\/types\/product"}],"replies":[{"embeddable":true,"href":"https:\/\/meetpro.ma\/en\/wp-json\/wp\/v2\/comments?post=5382"}],"version-history":[{"count":1,"href":"https:\/\/meetpro.ma\/en\/wp-json\/wp\/v2\/product\/5382\/revisions"}],"predecessor-version":[{"id":5383,"href":"https:\/\/meetpro.ma\/en\/wp-json\/wp\/v2\/product\/5382\/revisions\/5383"}],"wp:featuredmedia":[{"embeddable":true,"href":"https:\/\/meetpro.ma\/en\/wp-json\/wp\/v2\/media\/5384"}],"wp:attachment":[{"href":"https:\/\/meetpro.ma\/en\/wp-json\/wp\/v2\/media?parent=5382"}],"wp:term":[{"taxonomy":"product_brand","embeddable":true,"href":"https:\/\/meetpro.ma\/en\/wp-json\/wp\/v2\/product_brand?post=5382"},{"taxonomy":"product_cat","embeddable":true,"href":"https:\/\/meetpro.ma\/en\/wp-json\/wp\/v2\/product_cat?post=5382"},{"taxonomy":"product_tag","embeddable":true,"href":"https:\/\/meetpro.ma\/en\/wp-json\/wp\/v2\/product_tag?post=5382"}],"curies":[{"name":"wp","href":"https:\/\/api.w.org\/{rel}","templated":true}]}}