{"id":5757,"date":"2026-02-20T12:29:39","date_gmt":"2026-02-20T12:29:39","guid":{"rendered":"https:\/\/meetpro.ma\/?post_type=product&#038;p=5757"},"modified":"2026-02-24T11:02:43","modified_gmt":"2026-02-24T11:02:43","slug":"tablier-en-denim-gris-avec-poche","status":"publish","type":"product","link":"https:\/\/meetpro.ma\/en\/tablier-en-denim-gris-avec-poche\/","title":{"rendered":"Tablier en Denim Gris avec Poche \u2013 Style Moderne"},"content":{"rendered":"<h3 data-start=\"941\" data-end=\"1001\">Tablier en Denim Gris \u2013 R\u00e9sistance &amp; Style Professionnel<\/h3>\n<p data-start=\"1003\" data-end=\"1232\">Optez pour un tablier en jean moderne et robuste, con\u00e7u pour allier style et fonctionnalit\u00e9. Son denim gris \u00e9pais garantit une excellente durabilit\u00e9, tandis que ses finitions rouges apportent une touche \u00e9l\u00e9gante et contemporaine.<\/p>\n<h3 data-start=\"1234\" data-end=\"1268\">Id\u00e9al pour plusieurs usages<\/h3>\n<p data-start=\"1269\" data-end=\"1308\">Ce tablier convient parfaitement pour :<\/p>\n<ul data-start=\"1309\" data-end=\"1450\">\n<li data-start=\"1309\" data-end=\"1340\">\n<p data-start=\"1311\" data-end=\"1340\">La cuisine et la p\u00e2tisserie<\/p>\n<\/li>\n<li data-start=\"1341\" data-end=\"1356\">\n<p data-start=\"1343\" data-end=\"1356\">Le barbecue<\/p>\n<\/li>\n<li data-start=\"1357\" data-end=\"1386\">\n<p data-start=\"1359\" data-end=\"1386\">Les ateliers de bricolage<\/p>\n<\/li>\n<li data-start=\"1387\" data-end=\"1415\">\n<p data-start=\"1389\" data-end=\"1415\">Les baristas et serveurs<\/p>\n<\/li>\n<li data-start=\"1416\" data-end=\"1450\">\n<p data-start=\"1418\" data-end=\"1450\">Les artisans et professionnels<\/p>\n<\/li>\n<\/ul>\n<h3 data-start=\"1452\" data-end=\"1475\">Con\u00e7u pour durer<\/h3>\n<p data-start=\"1476\" data-end=\"1638\">Fabriqu\u00e9 en denim de qualit\u00e9 sup\u00e9rieure, il r\u00e9siste aux taches et \u00e0 l\u2019usure quotidienne. Les rivets m\u00e9talliques renforcent la solidit\u00e9 des poches et des attaches.<\/p>\n<h3 data-start=\"1640\" data-end=\"1670\">Pratique et confortable<\/h3>\n<ul data-start=\"1671\" data-end=\"1798\">\n<li data-start=\"1671\" data-end=\"1713\">\n<p data-start=\"1673\" data-end=\"1713\">Grande poche centrale pour accessoires<\/p>\n<\/li>\n<li data-start=\"1714\" data-end=\"1764\">\n<p data-start=\"1716\" data-end=\"1764\">Bretelles r\u00e9glables pour un ajustement parfait<\/p>\n<\/li>\n<li data-start=\"1765\" data-end=\"1798\">\n<p data-start=\"1767\" data-end=\"1798\">Coupe ergonomique confortable<\/p>\n<\/li>\n<\/ul>\n<h3 data-start=\"1800\" data-end=\"1824\">Un design moderne<\/h3>\n<p data-start=\"1825\" data-end=\"1964\">L\u2019association du gris fonc\u00e9 et des bandes rouges offre un look professionnel et tendance, id\u00e9al pour se d\u00e9marquer en cuisine ou en atelier.<\/p>","protected":false},"excerpt":{"rendered":"<p data-start=\"591\" data-end=\"758\">Tablier en denim gris avec d\u00e9tails rouges et poche centrale pratique.<br data-start=\"660\" data-end=\"663\" \/>Robuste, confortable et ajustable, parfait pour la cuisine, le bricolage ou les professionnels.<\/p>","protected":false},"featured_media":5759,"comment_status":"open","ping_status":"closed","template":"","meta":{"inline_featured_image":false},"product_brand":[],"product_cat":[43,130],"product_tag":[],"class_list":{"0":"post-5757","1":"product","2":"type-product","3":"status-publish","4":"has-post-thumbnail","6":"product_cat-vetements-pro-cat","7":"product_cat-restauration-hotellerie","9":"first","10":"instock","11":"shipping-taxable","12":"product-type-simple"},"jetpack_sharing_enabled":true,"_links":{"self":[{"href":"https:\/\/meetpro.ma\/en\/wp-json\/wp\/v2\/product\/5757","targetHints":{"allow":["GET"]}}],"collection":[{"href":"https:\/\/meetpro.ma\/en\/wp-json\/wp\/v2\/product"}],"about":[{"href":"https:\/\/meetpro.ma\/en\/wp-json\/wp\/v2\/types\/product"}],"replies":[{"embeddable":true,"href":"https:\/\/meetpro.ma\/en\/wp-json\/wp\/v2\/comments?post=5757"}],"version-history":[{"count":1,"href":"https:\/\/meetpro.ma\/en\/wp-json\/wp\/v2\/product\/5757\/revisions"}],"predecessor-version":[{"id":5758,"href":"https:\/\/meetpro.ma\/en\/wp-json\/wp\/v2\/product\/5757\/revisions\/5758"}],"wp:featuredmedia":[{"embeddable":true,"href":"https:\/\/meetpro.ma\/en\/wp-json\/wp\/v2\/media\/5759"}],"wp:attachment":[{"href":"https:\/\/meetpro.ma\/en\/wp-json\/wp\/v2\/media?parent=5757"}],"wp:term":[{"taxonomy":"product_brand","embeddable":true,"href":"https:\/\/meetpro.ma\/en\/wp-json\/wp\/v2\/product_brand?post=5757"},{"taxonomy":"product_cat","embeddable":true,"href":"https:\/\/meetpro.ma\/en\/wp-json\/wp\/v2\/product_cat?post=5757"},{"taxonomy":"product_tag","embeddable":true,"href":"https:\/\/meetpro.ma\/en\/wp-json\/wp\/v2\/product_tag?post=5757"}],"curies":[{"name":"wp","href":"https:\/\/api.w.org\/{rel}","templated":true}]}}